{"id":16160,"date":"2025-08-22T07:08:22","date_gmt":"2025-08-22T07:08:22","guid":{"rendered":"https:\/\/wordpress.ecix.tech\/?page_id=16160"},"modified":"2025-08-22T07:18:28","modified_gmt":"2025-08-22T07:18:28","slug":"politica-de-proteccion-de-datos-candidatos","status":"publish","type":"page","link":"https:\/\/ecix.tech\/es\/politica-de-proteccion-de-datos-candidatos\/","title":{"rendered":"POL\u00cdTICA DE PROTECCI\u00d3N DE DATOS \u2013 CANDIDATOS"},"content":{"rendered":"\t\t<div data-elementor-type=\"wp-page\" data-elementor-id=\"16160\" class=\"elementor elementor-16160\" data-elementor-post-type=\"page\">\n\t\t\t\t\t\t<section class=\"elementor-section elementor-top-section elementor-element elementor-element-7267c883 elementor-section-height-min-height elementor-section-boxed elementor-section-height-default elementor-section-items-middle\" data-id=\"7267c883\" data-element_type=\"section\" data-e-type=\"section\" data-settings=\"{&quot;background_background&quot;:&quot;classic&quot;}\">\n\t\t\t\t\t\t\t<div class=\"elementor-background-overlay\"><\/div>\n\t\t\t\t\t\t\t<div class=\"elementor-container elementor-column-gap-default\">\n\t\t\t\t\t<div data-custom-animations=\"true\" data-ca-options=\"{&quot;addChildTimelines&quot;:false,&quot;trigger&quot;:&quot;firstChild&quot;,&quot;animationTarget&quot;:&quot;:scope &gt; .elementor-widget-wrap &gt; .elementor-element &gt; .elementor-widget-container, :scope &gt; .elementor-widget-wrap &gt; .elementor-section &gt; .elementor-container &gt; .elementor-column &gt; .elementor-widget-wrap &gt; .elementor-element:not(.lqd-el-has-inner-anim) &gt; .elementor-widget-container, :scope &gt; .elementor-widget-wrap &gt; .elementor-widget-hub_fancy_heading .lqd-split-lines .lqd-lines .split-inner, :scope &gt; .elementor-widget-wrap &gt; .elementor-widget-hub_fancy_heading .lqd-split-words .lqd-words .split-inner, :scope &gt; .elementor-widget-wrap &gt; .elementor-widget-hub_fancy_heading .lqd-split-chars .lqd-chars .split-inner, :scope &gt; .elementor-widget-wrap &gt; .elementor-widget-ld_custom_menu .lqd-fancy-menu &gt; ul &gt; li&quot;,&quot;ease&quot;:[&quot;power4.out&quot;],&quot;initValues&quot;:{&quot;y&quot;:&quot;70px&quot;,&quot;opacity&quot;:0,&quot;transformOrigin&quot;:&quot;50% 50% 0px&quot;},&quot;animations&quot;:{&quot;y&quot;:&quot;0px&quot;,&quot;opacity&quot;:1,&quot;transformOrigin&quot;:&quot;50% 50% 0px&quot;}}\" class=\"elementor-column elementor-col-100 elementor-top-column elementor-element elementor-element-5127ab2b\" data-id=\"5127ab2b\" data-element_type=\"column\" data-e-type=\"column\">\n\t\t\t<div class=\"elementor-widget-wrap elementor-element-populated\">\n\t\t\t\t\t\t<div data-custom-animations=\"true\" data-ca-options=\"{&quot;addChildTimelines&quot;:false,&quot;trigger&quot;:&quot;firstChild&quot;,&quot;animationTarget&quot;:&quot;:scope &gt; .elementor-widget-container&quot;,&quot;duration&quot;:1800,&quot;delay&quot;:180,&quot;ease&quot;:[&quot;power4.out&quot;],&quot;initValues&quot;:{&quot;y&quot;:&quot;50px&quot;,&quot;opacity&quot;:0,&quot;transformOrigin&quot;:&quot;50% 50% 0px&quot;},&quot;animations&quot;:{&quot;y&quot;:&quot;0px&quot;,&quot;opacity&quot;:1,&quot;transformOrigin&quot;:&quot;50% 50% 0px&quot;}}\" class=\"elementor-element elementor-element-414e5641 elementor-widget__width-initial elementor-widget-mobile__width-inherit elementor-widget elementor-widget-hub_fancy_heading\" data-id=\"414e5641\" data-element_type=\"widget\" data-e-type=\"widget\" data-widget_type=\"hub_fancy_heading.default\">\n\t\t\t\t<div class=\"elementor-widget-container\">\n\t\t\t\t\t\n\t\t<div id=\"ld-fancy-heading-69d7d00e339ab\" class=\"ld-fancy-heading pos-rel\">\n\t\t\t<h6 class=\"ld-fh-element d-inline-block pos-rel  elementor-heading-title ws-nowrap lqd-highlight-classic lqd-highlight-grow-left h6\"  > POL\u00cdTICA DE PROTECCI\u00d3N <br>DE DATOS \u2013 CANDIDATOS<\/h6>\t\t<\/div>\n\n\t\t\t\t\t\t<\/div>\n\t\t\t\t<\/div>\n\t\t\t\t\t<\/div>\n\t\t<\/div>\n\t\t\t\t\t<\/div>\n\t\t<\/section>\n\t\t<div class=\"elementor-element elementor-element-3d90eabd e-flex e-con-boxed e-con e-parent\" data-id=\"3d90eabd\" data-element_type=\"container\" data-e-type=\"container\">\n\t\t\t\t\t<div class=\"e-con-inner\">\n\t\t\t\t<div class=\"elementor-element elementor-element-4be5961a elementor-widget elementor-widget-text-editor\" data-id=\"4be5961a\" data-element_type=\"widget\" data-e-type=\"widget\" data-widget_type=\"text-editor.default\">\n\t\t\t\t\t\t\t\t\t\n<h4><strong>1. Responsable del tratamiento<\/strong><\/h4>\n\n<p>El responsable del tratamiento de tus datos personales es la sociedad ECIX GROUP, S.L., con domicilio en Calle Lagasca, 88, 7\u00aa Planta, 28001, Madrid y NIF B-82550401 (en adelante, \u201c<strong>ECIX<\/strong>\u201d).<\/p>\n\n<p><strong>ECIX<\/strong> se encuentra plenamente comprometido con el cumplimiento de la normativa vigente en materia de protecci\u00f3n de datos y, por ello, ha designado un Delegado de Protecci\u00f3n de Datos, con el que puedes contactar a trav\u00e9s del correo electr\u00f3nico <a href=\"mailto:privacidad@ecix.tech\">privacidad@ecix.tech<\/a><\/p>\n<h4><strong>2. Finalidades, datos tratados y base de legitimaci\u00f3n<\/strong><\/h4>\n\n<p><strong><u>Finalidad 1: <\/u><\/strong><strong><u>Gesti\u00f3n de tu candidatura para un proceso de selecci\u00f3n abierto<\/u><\/strong><\/p>\n\n<ul class=\"wp-block-list\">\n<li><strong>Descripci\u00f3n de la finalidad:<\/strong> Trataremos tus datos con el objetivo de poder gestionar tu candidatura y desarrollar el proceso de selecci\u00f3n al que hayas aplicado, lo que implica el an\u00e1lisis de tu perfil profesional a trav\u00e9s de la informaci\u00f3n contenida en tu CV y la informaci\u00f3n generada durante el desarrollo del proceso de selecci\u00f3n a trav\u00e9s de entrevistas, din\u00e1micas de grupo y\/o comunicaciones intercambiadas contigo.<\/li>\n<\/ul>\n\n<p>Tambi\u00e9n podremos tratar tus datos de contacto para comunicarnos contigo durante el proceso, remitirte informaci\u00f3n acerca de tu avance, solicitarte m\u00e1s informaci\u00f3n sobre tu perfil y, en su caso, hacerte una oferta de empleo.<\/p>\n\n<ul class=\"wp-block-list\">\n<li><strong>Datos tratados<\/strong>: Identificativos y de contacto (DNI, NIE o documento equivalente, nombre, apellidos, tel\u00e9fono, email); datos acad\u00e9micos (t\u00edtulos oficiales, certificados, etc.); detalles de empleo (experiencia laboral, puesto de trabajo, etc.); y otros datos que decidas compartir con <strong>ECIX<\/strong> a trav\u00e9s del env\u00edo de tu CV y los que puedan generarse durante el proceso de selecci\u00f3n.<\/li>\n<\/ul>\n\n<ul class=\"wp-block-list\">\n<li><strong>Base de legitimaci\u00f3n: <\/strong>La base de legitimaci\u00f3n para el tratamiento de tus datos es la aplicaci\u00f3n de medidas precontractuales de acuerdo con tu inscripci\u00f3n a la oferta de empleo.<\/li>\n<\/ul>\n\n<p><strong><u>Finalidad 2: <\/u><\/strong><strong><u>Conservaci\u00f3n de los datos para nuevos procesos de selecci\u00f3n<\/u><\/strong><\/p>\n\n<ul class=\"wp-block-list\">\n<li><strong>Descripci\u00f3n de la finalidad: <\/strong>Una vez finalizado el proceso de selecci\u00f3n, si la persona candidata no es contratada, se proceder\u00e1 a la supresi\u00f3n de los datos personales. No obstante, si presta su consentimiento, <strong>ECIX<\/strong> conservar\u00e1 los datos para la valoraci\u00f3n del perfil en nuevos procesos de selecci\u00f3n.<\/li>\n<\/ul>\n\n<ul class=\"wp-block-list\">\n<li><strong>Datos tratados: <\/strong>Identificativos y de contacto (DNI, NIE o documento equivalente, nombre, apellidos, tel\u00e9fono, email); datos acad\u00e9micos (t\u00edtulos oficiales, certificados, etc.); detalles de empleo (experiencia laboral, puesto de trabajo, etc.); y otros datos que decidas compartir con <strong>ECIX<\/strong> a trav\u00e9s del env\u00edo de tu CV y los que puedan generarse durante el proceso de selecci\u00f3n.<\/li>\n<\/ul>\n\n<ul class=\"wp-block-list\">\n<li><strong>Base de legitimaci\u00f3n: <\/strong>La base de legitimaci\u00f3n del tratamiento es el consentimiento del interesado, que podr\u00e1 revocar en cualquier momento escribiendo un correo a <a href=\"mailto:privacidad@ecix.tech\">privacidad@ecix.tech<\/a>.\u00a0<\/li>\n<\/ul>\n\n<ul class=\"wp-block-list\"><\/ul>\n\n<h4><strong>3. Comunicaci\u00f3n de tus datos y transferencias internacionales<\/strong><\/h4>\n<p>Tus datos personales no ser\u00e1n comunicados a terceros, salvo que fuesen requeridos por la Administraci\u00f3n P\u00fablica, Jueces y Tribunales u otras autoridades en el ejercicio de sus funciones. Sin embargo, te informamos de que los datos personales podr\u00e1n ser accesibles por proveedores de <strong>ECIX<\/strong> en su condici\u00f3n de encargados del tratamiento, siempre bajo las instrucciones de <strong>ECIX<\/strong>.<\/p>\n\n<p>No se prev\u00e9 la realizaci\u00f3n de transferencias internacionales. No obstante, en caso de que pudiesen producirse, solo se llevar\u00e1n a cabo cumpliendo con las garant\u00edas que a dicho efecto exige la normativa vigente de protecci\u00f3n de datos y, concretamente, conforme a lo dispuesto en el Cap\u00edtulo V del Reglamento (UE) 2016\/679, General de Protecci\u00f3n de Datos.<\/p>\n<h4><strong>4. Conservaci\u00f3n de tus datos<\/strong><\/h4>\n\n<p>Una vez concluido el proceso de selecci\u00f3n, si la persona candidata no es contratada se proceder\u00e1 a la supresi\u00f3n de los datos personales, salvo que preste su consentimiento para que los datos sean conservados para su tratamiento en nuevos procesos de selecci\u00f3n de <strong>ECIX<\/strong>. En caso de que la persona candidata preste su consentimiento, los datos ser\u00e1n conservados por un per\u00edodo m\u00e1ximo de un a\u00f1o.<\/p>\n\n<p>Una vez suprimidos los datos personales, se proceder\u00e1 a su bloqueo para \u00fanicamente ser puestos a disposici\u00f3n de las autoridades pertinentes en caso de requerimientos de informaci\u00f3n y, una vez transcurrido los plazos legales de prescripci\u00f3n de acciones que resulten de aplicaci\u00f3n, los datos personales ser\u00e1n borrados materialmente.<\/p>\n<h4><strong>5. Derechos<\/strong><\/h4>\n\n<p>En la medida en que est\u00e9n reconocidos en la normativa de protecci\u00f3n de datos aplicable en cada momento, podr\u00e1s ejercer los siguientes derechos en relaci\u00f3n con el tratamiento de tus datos:<\/p>\n\n<ol class=\"wp-block-list\" style=\"list-style-type: lower-alpha;\">\n<li><strong>Derecho de acceso<\/strong>: si ejerces este derecho, podr\u00e1s conocer qu\u00e9 tipo de datos estamos tratando y las caracter\u00edsticas del tratamiento que estamos llevando a cabo.<\/li>\n\n<li><strong>Derecho de rectificaci\u00f3n<\/strong>: si ejerces este derecho, podr\u00e1s solicitar la modificaci\u00f3n de tus datos por ser inexactos o no veraces.<\/li>\n\n<li><strong>Derecho de portabilidad<\/strong>: si ejerces este derecho, podr\u00e1s obtener una copia en un formato interoperable de los datos que est\u00e9n siendo tratados.<\/li>\n\n<li><strong>Derecho a la limitaci\u00f3n en el tratamiento de datos<\/strong>: si ejerces este derecho, podr\u00e1s limitar el tratamiento de sus datos en los casos recogidos en la Ley.<\/li>\n\n<li><strong>Derecho de oposici\u00f3n<\/strong>: si ejerces este derecho, podr\u00e1s oponerte al tratamiento de tus datos.<\/li>\n\n<li><strong>Derecho de supresi\u00f3n<\/strong>: si ejerces este derecho, podr\u00e1s solicitar la supresi\u00f3n de tus datos cuando el tratamiento ya no resulte necesario.<\/li>\n\n<li><strong>Derecho a revocar el consentimiento prestado<\/strong>, en su caso.<\/li>\n<\/ol>\n\n<p>Puedes ejercitar estos derechos a trav\u00e9s de alguno de los siguientes canales, indicando el derecho a ejercitar y acompa\u00f1ando cualquier otra documentaci\u00f3n que consideres oportuna: (i) direcci\u00f3n Postal: Calle de Lagasca, 88, 7\u00aa Planta, 28001, Madrid o (ii) correo electr\u00f3nico: <a href=\"mailto:privacidad@ecix.tech\">privacidad@ecix.tech<\/a>\u00a0<\/p>\n\n<p>Asimismo, tienes derecho a interponer una reclamaci\u00f3n frente a la autoridad de control (en Espa\u00f1a, la AEPD), <a href=\"http:\/\/www.aepd.es\">www.aepd.es<\/a>, en el caso que entiendas vulnerados tus derechos en materia de protecci\u00f3n de datos. No obstante, en primera instancia, podr\u00e1s presentar una reclamaci\u00f3n ante el Delegado de Protecci\u00f3n de Datos a trav\u00e9s de <a href=\"mailto:privacidad@ecix.tech\">privacidad@ecix.tech<\/a>, quien resolver\u00e1 la reclamaci\u00f3n en el plazo m\u00e1ximo de dos meses.<\/p>\n\t\t\t\t\t\t\t\t<\/div>\n\t\t\t\t\t<\/div>\n\t\t\t\t<\/div>\n\t\t\t\t<\/div>\n\t\t","protected":false},"excerpt":{"rendered":"<p>POL\u00cdTICA DE PROTECCI\u00d3N DE DATOS \u2013 CANDIDATOS 1. Responsable del tratamiento El responsable del tratamiento de tus datos personales es la sociedad ECIX GROUP, S.L., con domicilio en Calle Lagasca, 88, 7\u00aa Planta, 28001, Madrid y NIF B-82550401 (en adelante, \u201cECIX\u201d). ECIX se encuentra plenamente comprometido con el cumplimiento de la normativa vigente en materia [&hellip;]<\/p>\n","protected":false},"author":2,"featured_media":0,"parent":0,"menu_order":0,"comment_status":"closed","ping_status":"closed","template":"","meta":{"footnotes":""},"class_list":["post-16160","page","type-page","status-publish","hentry"],"yoast_head":"<!-- This site is optimized with the Yoast SEO plugin v26.4 - https:\/\/yoast.com\/wordpress\/plugins\/seo\/ -->\n<title>POL\u00cdTICA DE PROTECCI\u00d3N DE DATOS \u2013 CANDIDATOS - ECIX TECH<\/title>\n<meta name=\"robots\" content=\"index, follow, max-snippet:-1, max-image-preview:large, max-video-preview:-1\" \/>\n<link rel=\"canonical\" href=\"https:\/\/54.247.110.102\/es\/politica-de-proteccion-de-datos-candidatos\/\" \/>\n<meta property=\"og:locale\" content=\"es_ES\" \/>\n<meta property=\"og:type\" content=\"article\" \/>\n<meta property=\"og:title\" content=\"POL\u00cdTICA DE PROTECCI\u00d3N DE DATOS \u2013 CANDIDATOS - ECIX TECH\" \/>\n<meta property=\"og:description\" content=\"POL\u00cdTICA DE PROTECCI\u00d3N DE DATOS \u2013 CANDIDATOS 1. Responsable del tratamiento El responsable del tratamiento de tus datos personales es la sociedad ECIX GROUP, S.L., con domicilio en Calle Lagasca, 88, 7\u00aa Planta, 28001, Madrid y NIF B-82550401 (en adelante, \u201cECIX\u201d). ECIX se encuentra plenamente comprometido con el cumplimiento de la normativa vigente en materia [&hellip;]\" \/>\n<meta property=\"og:url\" content=\"https:\/\/54.247.110.102\/es\/politica-de-proteccion-de-datos-candidatos\/\" \/>\n<meta property=\"og:site_name\" content=\"ECIX TECH\" \/>\n<meta property=\"article:modified_time\" content=\"2025-08-22T07:18:28+00:00\" \/>\n<meta name=\"twitter:card\" content=\"summary_large_image\" \/>\n<meta name=\"twitter:label1\" content=\"Tiempo de lectura\" \/>\n\t<meta name=\"twitter:data1\" content=\"5 minutos\" \/>\n<script type=\"application\/ld+json\" class=\"yoast-schema-graph\">{\"@context\":\"https:\/\/schema.org\",\"@graph\":[{\"@type\":\"WebPage\",\"@id\":\"https:\/\/54.247.110.102\/es\/politica-de-proteccion-de-datos-candidatos\/\",\"url\":\"https:\/\/54.247.110.102\/es\/politica-de-proteccion-de-datos-candidatos\/\",\"name\":\"POL\u00cdTICA DE PROTECCI\u00d3N DE DATOS \u2013 CANDIDATOS - ECIX TECH\",\"isPartOf\":{\"@id\":\"https:\/\/pl.nextlgsdp.com\/es\/#website\"},\"datePublished\":\"2025-08-22T07:08:22+00:00\",\"dateModified\":\"2025-08-22T07:18:28+00:00\",\"breadcrumb\":{\"@id\":\"https:\/\/54.247.110.102\/es\/politica-de-proteccion-de-datos-candidatos\/#breadcrumb\"},\"inLanguage\":\"es\",\"potentialAction\":[{\"@type\":\"ReadAction\",\"target\":[\"https:\/\/54.247.110.102\/es\/politica-de-proteccion-de-datos-candidatos\/\"]}]},{\"@type\":\"BreadcrumbList\",\"@id\":\"https:\/\/54.247.110.102\/es\/politica-de-proteccion-de-datos-candidatos\/#breadcrumb\",\"itemListElement\":[{\"@type\":\"ListItem\",\"position\":1,\"name\":\"Home\",\"item\":\"https:\/\/54.247.110.102\/es\/\"},{\"@type\":\"ListItem\",\"position\":2,\"name\":\"POL\u00cdTICA DE PROTECCI\u00d3N DE DATOS \u2013 CANDIDATOS\"}]},{\"@type\":\"WebSite\",\"@id\":\"https:\/\/pl.nextlgsdp.com\/es\/#website\",\"url\":\"https:\/\/pl.nextlgsdp.com\/es\/\",\"name\":\"ECIX TECH\",\"description\":\"Servicios y soluciones para el cumplimiento normativo\",\"publisher\":{\"@id\":\"https:\/\/pl.nextlgsdp.com\/es\/#organization\"},\"potentialAction\":[{\"@type\":\"SearchAction\",\"target\":{\"@type\":\"EntryPoint\",\"urlTemplate\":\"https:\/\/pl.nextlgsdp.com\/es\/?s={search_term_string}\"},\"query-input\":{\"@type\":\"PropertyValueSpecification\",\"valueRequired\":true,\"valueName\":\"search_term_string\"}}],\"inLanguage\":\"es\"},{\"@type\":\"Organization\",\"@id\":\"https:\/\/pl.nextlgsdp.com\/es\/#organization\",\"name\":\"ECIX TECH\",\"url\":\"https:\/\/pl.nextlgsdp.com\/es\/\",\"logo\":{\"@type\":\"ImageObject\",\"inLanguage\":\"es\",\"@id\":\"https:\/\/pl.nextlgsdp.com\/es\/#\/schema\/logo\/image\/\",\"url\":\"https:\/\/ecix.tech\/wp-content\/uploads\/2025\/07\/Ecixtech-scaled.png\",\"contentUrl\":\"https:\/\/ecix.tech\/wp-content\/uploads\/2025\/07\/Ecixtech-scaled.png\",\"width\":2560,\"height\":677,\"caption\":\"ECIX TECH\"},\"image\":{\"@id\":\"https:\/\/pl.nextlgsdp.com\/es\/#\/schema\/logo\/image\/\"}}]}<\/script>\n<!-- \/ Yoast SEO plugin. -->","yoast_head_json":{"title":"POL\u00cdTICA DE PROTECCI\u00d3N DE DATOS \u2013 CANDIDATOS - ECIX TECH","robots":{"index":"index","follow":"follow","max-snippet":"max-snippet:-1","max-image-preview":"max-image-preview:large","max-video-preview":"max-video-preview:-1"},"canonical":"https:\/\/54.247.110.102\/es\/politica-de-proteccion-de-datos-candidatos\/","og_locale":"es_ES","og_type":"article","og_title":"POL\u00cdTICA DE PROTECCI\u00d3N DE DATOS \u2013 CANDIDATOS - ECIX TECH","og_description":"POL\u00cdTICA DE PROTECCI\u00d3N DE DATOS \u2013 CANDIDATOS 1. Responsable del tratamiento El responsable del tratamiento de tus datos personales es la sociedad ECIX GROUP, S.L., con domicilio en Calle Lagasca, 88, 7\u00aa Planta, 28001, Madrid y NIF B-82550401 (en adelante, \u201cECIX\u201d). ECIX se encuentra plenamente comprometido con el cumplimiento de la normativa vigente en materia [&hellip;]","og_url":"https:\/\/54.247.110.102\/es\/politica-de-proteccion-de-datos-candidatos\/","og_site_name":"ECIX TECH","article_modified_time":"2025-08-22T07:18:28+00:00","twitter_card":"summary_large_image","twitter_misc":{"Tiempo de lectura":"5 minutos"},"schema":{"@context":"https:\/\/schema.org","@graph":[{"@type":"WebPage","@id":"https:\/\/54.247.110.102\/es\/politica-de-proteccion-de-datos-candidatos\/","url":"https:\/\/54.247.110.102\/es\/politica-de-proteccion-de-datos-candidatos\/","name":"POL\u00cdTICA DE PROTECCI\u00d3N DE DATOS \u2013 CANDIDATOS - ECIX TECH","isPartOf":{"@id":"https:\/\/pl.nextlgsdp.com\/es\/#website"},"datePublished":"2025-08-22T07:08:22+00:00","dateModified":"2025-08-22T07:18:28+00:00","breadcrumb":{"@id":"https:\/\/54.247.110.102\/es\/politica-de-proteccion-de-datos-candidatos\/#breadcrumb"},"inLanguage":"es","potentialAction":[{"@type":"ReadAction","target":["https:\/\/54.247.110.102\/es\/politica-de-proteccion-de-datos-candidatos\/"]}]},{"@type":"BreadcrumbList","@id":"https:\/\/54.247.110.102\/es\/politica-de-proteccion-de-datos-candidatos\/#breadcrumb","itemListElement":[{"@type":"ListItem","position":1,"name":"Home","item":"https:\/\/54.247.110.102\/es\/"},{"@type":"ListItem","position":2,"name":"POL\u00cdTICA DE PROTECCI\u00d3N DE DATOS \u2013 CANDIDATOS"}]},{"@type":"WebSite","@id":"https:\/\/pl.nextlgsdp.com\/es\/#website","url":"https:\/\/pl.nextlgsdp.com\/es\/","name":"ECIX TECH","description":"Servicios y soluciones para el cumplimiento normativo","publisher":{"@id":"https:\/\/pl.nextlgsdp.com\/es\/#organization"},"potentialAction":[{"@type":"SearchAction","target":{"@type":"EntryPoint","urlTemplate":"https:\/\/pl.nextlgsdp.com\/es\/?s={search_term_string}"},"query-input":{"@type":"PropertyValueSpecification","valueRequired":true,"valueName":"search_term_string"}}],"inLanguage":"es"},{"@type":"Organization","@id":"https:\/\/pl.nextlgsdp.com\/es\/#organization","name":"ECIX TECH","url":"https:\/\/pl.nextlgsdp.com\/es\/","logo":{"@type":"ImageObject","inLanguage":"es","@id":"https:\/\/pl.nextlgsdp.com\/es\/#\/schema\/logo\/image\/","url":"https:\/\/ecix.tech\/wp-content\/uploads\/2025\/07\/Ecixtech-scaled.png","contentUrl":"https:\/\/ecix.tech\/wp-content\/uploads\/2025\/07\/Ecixtech-scaled.png","width":2560,"height":677,"caption":"ECIX TECH"},"image":{"@id":"https:\/\/pl.nextlgsdp.com\/es\/#\/schema\/logo\/image\/"}}]}},"_links":{"self":[{"href":"https:\/\/ecix.tech\/es\/wp-json\/wp\/v2\/pages\/16160","targetHints":{"allow":["GET"]}}],"collection":[{"href":"https:\/\/ecix.tech\/es\/wp-json\/wp\/v2\/pages"}],"about":[{"href":"https:\/\/ecix.tech\/es\/wp-json\/wp\/v2\/types\/page"}],"author":[{"embeddable":true,"href":"https:\/\/ecix.tech\/es\/wp-json\/wp\/v2\/users\/2"}],"replies":[{"embeddable":true,"href":"https:\/\/ecix.tech\/es\/wp-json\/wp\/v2\/comments?post=16160"}],"version-history":[{"count":10,"href":"https:\/\/ecix.tech\/es\/wp-json\/wp\/v2\/pages\/16160\/revisions"}],"predecessor-version":[{"id":16175,"href":"https:\/\/ecix.tech\/es\/wp-json\/wp\/v2\/pages\/16160\/revisions\/16175"}],"wp:attachment":[{"href":"https:\/\/ecix.tech\/es\/wp-json\/wp\/v2\/media?parent=16160"}],"curies":[{"name":"wp","href":"https:\/\/api.w.org\/{rel}","templated":true}]}}