{"id":77,"date":"2025-07-15T08:42:33","date_gmt":"2025-07-15T08:42:33","guid":{"rendered":"https:\/\/wordpress.ecix.tech\/?page_id=77"},"modified":"2025-12-11T14:24:47","modified_gmt":"2025-12-11T13:24:47","slug":"eu-cookie-policy","status":"publish","type":"page","link":"https:\/\/ecix.tech\/en\/eu-cookie-policy\/","title":{"rendered":"Cookie Policy (EU)"},"content":{"rendered":"<div data-elementor-type=\"wp-page\" data-elementor-id=\"77\" class=\"elementor elementor-77\" data-elementor-post-type=\"page\">\n\t\t\t\t\t\t<section class=\"elementor-section elementor-top-section elementor-element elementor-element-5f1284da elementor-section-height-min-height elementor-section-boxed elementor-section-height-default elementor-section-items-middle\" data-id=\"5f1284da\" data-element_type=\"section\" data-e-type=\"section\" data-settings=\"{&quot;background_background&quot;:&quot;classic&quot;}\">\n\t\t\t\t\t\t\t<div class=\"elementor-background-overlay\"><\/div>\n\t\t\t\t\t\t\t<div class=\"elementor-container elementor-column-gap-default\">\n\t\t\t\t\t<div data-custom-animations=\"true\" data-ca-options=\"{&quot;addChildTimelines&quot;:false,&quot;trigger&quot;:&quot;firstChild&quot;,&quot;animationTarget&quot;:&quot;:scope &gt; .elementor-widget-wrap &gt; .elementor-element &gt; .elementor-widget-container, :scope &gt; .elementor-widget-wrap &gt; .elementor-section &gt; .elementor-container &gt; .elementor-column &gt; .elementor-widget-wrap &gt; .elementor-element:not(.lqd-el-has-inner-anim) &gt; .elementor-widget-container, :scope &gt; .elementor-widget-wrap &gt; .elementor-widget-hub_fancy_heading .lqd-split-lines .lqd-lines .split-inner, :scope &gt; .elementor-widget-wrap &gt; .elementor-widget-hub_fancy_heading .lqd-split-words .lqd-words .split-inner, :scope &gt; .elementor-widget-wrap &gt; .elementor-widget-hub_fancy_heading .lqd-split-chars .lqd-chars .split-inner, :scope &gt; .elementor-widget-wrap &gt; .elementor-widget-ld_custom_menu .lqd-fancy-menu &gt; ul &gt; li&quot;,&quot;ease&quot;:[&quot;power4.out&quot;],&quot;initValues&quot;:{&quot;y&quot;:&quot;70px&quot;,&quot;opacity&quot;:0,&quot;transformOrigin&quot;:&quot;50% 50% 0px&quot;},&quot;animations&quot;:{&quot;y&quot;:&quot;0px&quot;,&quot;opacity&quot;:1,&quot;transformOrigin&quot;:&quot;50% 50% 0px&quot;}}\" class=\"elementor-column elementor-col-100 elementor-top-column elementor-element elementor-element-64f18874\" data-id=\"64f18874\" data-element_type=\"column\" data-e-type=\"column\">\n\t\t\t<div class=\"elementor-widget-wrap elementor-element-populated\">\n\t\t\t\t\t\t<div data-custom-animations=\"true\" data-ca-options=\"{&quot;addChildTimelines&quot;:false,&quot;trigger&quot;:&quot;firstChild&quot;,&quot;animationTarget&quot;:&quot;:scope &gt; .elementor-widget-container&quot;,&quot;duration&quot;:1800,&quot;delay&quot;:180,&quot;ease&quot;:[&quot;power4.out&quot;],&quot;initValues&quot;:{&quot;y&quot;:&quot;50px&quot;,&quot;opacity&quot;:0,&quot;transformOrigin&quot;:&quot;50% 50% 0px&quot;},&quot;animations&quot;:{&quot;y&quot;:&quot;0px&quot;,&quot;opacity&quot;:1,&quot;transformOrigin&quot;:&quot;50% 50% 0px&quot;}}\" class=\"elementor-element elementor-element-8861210 elementor-widget__width-initial elementor-widget elementor-widget-hub_fancy_heading\" data-id=\"8861210\" data-element_type=\"widget\" data-e-type=\"widget\" data-widget_type=\"hub_fancy_heading.default\">\n\t\t\t\t<div class=\"elementor-widget-container\">\n\t\t\t\t\t\n\t\t<div id=\"ld-fancy-heading-69d7f3f37f7be\" class=\"ld-fancy-heading pos-rel\">\n\t\t\t<h6 class=\"ld-fh-element d-inline-block pos-rel  elementor-heading-title ws-nowrap lqd-highlight-classic lqd-highlight-grow-left h6\"  > Cookie Policy (EU)<\/h6>\t\t<\/div>\n\n\t\t\t\t\t\t<\/div>\n\t\t\t\t<\/div>\n\t\t\t\t\t<\/div>\n\t\t<\/div>\n\t\t\t\t\t<\/div>\n\t\t<\/section>\n\t\t<div class=\"elementor-element elementor-element-12ed7bd7 e-flex e-con-boxed e-con e-parent\" data-id=\"12ed7bd7\" data-element_type=\"container\" data-e-type=\"container\">\n\t\t\t\t\t<div class=\"e-con-inner\">\n\t\t\t\t<div class=\"elementor-element elementor-element-5756c754 elementor-widget elementor-widget-text-editor\" data-id=\"5756c754\" data-element_type=\"widget\" data-e-type=\"widget\" data-widget_type=\"text-editor.default\">\n\t\t\t\t\t\t\t\t\t\n<h4 class=\"wp-block-heading\"><span style=\"color: #294a2e;\"><strong>1. Introduction<\/strong><\/span><\/h4>\n\n<p>This Cookie Policy (hereinafter, the &quot;Policy&quot;) is an integral part of the Legal Notice and Privacy Policy of the website https:\/\/ecix.tech\/ (hereinafter, the &quot;Website&quot;) and the mobile application.<\/p>\n\n<p>In order to facilitate navigation on the Website, we inform you that ECIX GROUP, SLU (hereinafter, &quot;<strong>ECIX.TECH<\/strong>\"CIF B-82550401 and registered office at Calle L\u00f3pez de Hoyos, 35. 2\u00baA 28002 Madrid, uses data storage and retrieval devices such as Cookies.<\/p>\n\n<p>In order to guarantee the visitor of the Website (hereinafter, the &quot;User&quot;) all the necessary information for correct navigation,\u00a0<strong>ECIX.TECH\u00a0<\/strong>makes this Policy available to you, explaining what cookies are, which cookies are used on the Website and what type of cookies are used, and how to configure them.<\/p>\n\n<h4 class=\"wp-block-heading\"><span style=\"color: #294a2e;\"><strong>2. What are Cookies?<\/strong><\/span><\/h4>\n\n<p>A cookie is a file that is downloaded to the terminal from which the user accesses the website (whether PC, smartphone, tablet or other type of device with Internet connection capacity) and that allows\u00a0<strong>ECIX.TECH\u00a0<\/strong>store or retrieve certain information about multiple variables such as, for example, the number of times the page has been visited, identify you as a registered user, guarantee your user session while you browse the page, remember forms, passwords, language or other specific settings, perform profiling and detect your browsing habits or allow operations to be carried out in a secure and stable manner.<\/p>\n\n<p>You can find complete information about the data protection conditions applied to this Website in our Privacy Policy.<\/p>\n\n<h4 class=\"wp-block-heading\"><span style=\"color: #294a2e;\"><strong>3. What types of cookies are used on this website and who uses them?<\/strong><\/span><\/h4>\n\n<p>Cookies can be grouped according to different types of classification, so we can divide them into first-party or third-party cookies depending on their origin, session or persistent cookies depending on the length of time they remain stored, or according to their purpose. These can be differentiated into:<\/p>\n\n<ul class=\"wp-block-list\">\n<li><strong><u>Technical cookies:<\/u><\/strong>\u00a0These cookies allow the user to navigate the Website and use the various options or services available on it, such as allowing third-party multimedia playback, interface adjustments, navigation fluidity, the use of security features while browsing, recognizing logins, controlling access to private areas, etc.<\/li>\n\n<li><strong><u>Analytical cookies<\/u><\/strong>: These are a type of cookie designed and used to track and analyze user behavior. This type of cookie allows website owners to measure website activity through aggregated or statistical information. We use persistent analytics cookies for this purpose.<\/li>\n\n<li><strong><u>Preference\/personalization cookies<\/u>:<\/strong>\u00a0These cookies allow information to be remembered so that the user accesses the service with certain characteristics that may differentiate their experience from that of other users, such as, for example, the language, the number of results to display when the user performs a search, the appearance or content of the service depending on the type of browser through which the user accesses the service or the region from which they access the service, etc.<\/li>\n<\/ul>\n\n<p>At any time, and at least during the installation or updating of your browser, you have the option to accept or reject the installation of cookies, or reject the installation of certain types of cookies, such as advertising and third-party cookies. Additionally, after each session, you can delete all or some of the stored cookies.<\/p>\n\n<h4 class=\"wp-block-heading\"><span style=\"color: #294a2e;\">4.\u00a0<strong>What cookies do we use?<\/strong><\/span><\/h4>\n\n<p>The Website may contain its own Cookies inserted directly by\u00a0<strong>ECIX.TECH<\/strong>\u00a0or Cookies inserted and managed by third-party entities other than this one.<\/p>\n\n<p>In order to provide the User with all the information necessary to guarantee their privacy, the Cookies, both our own and those of third parties, used on the Website are detailed below:<\/p>\n\n<p><strong>Technical cookies:<\/strong><\/p>\n\n<figure class=\"wp-block-table\" style=\"padding: 0;\">\n<table class=\"has-fixed-layout\">\n<tbody>\n<tr>\n<td>COOKIE<\/td>\n<td>OWNERSHIP<\/td>\n<td>DURATION<\/td>\n<td>DESCRIPTION<\/td>\n<td>DOMAIN<\/td>\n<\/tr>\n<tr>\n<td>wordpress_ *<\/td>\n<td>WordPress<\/td>\n<td>14 days<\/td>\n<td>Authentication and user session maintenance.<\/td>\n<td>https:\/\/ecix.tech\/<\/td>\n<\/tr>\n<tr>\n<td>wp-settings-*<\/td>\n<td>WordPress<\/td>\n<td>Persistent<\/td>\n<td>Customizing the administration desktop.<\/td>\n<td>https:\/\/ecix.tech\/<\/td>\n<\/tr>\n<tr>\n<td>ECIX_TECH_eCookies_cookie<\/td>\n<td>ECIX.TECH<\/td>\n<td>4 days<\/td>\n<td>Record and retain the consent given by the user in relation to the use of cookies (acceptance, rejection, or granular configuration).<\/td>\n<td>https:\/\/ecix.tech\/<\/td>\n<\/tr>\n<tr>\n<td>SSID<\/td>\n<td>Google<\/td>\n<td>12 months<\/td>\n<td>User authentication and attack protection.<\/td>\n<td>https:\/\/google.com<\/td>\n<\/tr>\n<tr>\n<td>SAPISID<\/td>\n<td>Google<\/td>\n<td>6 months<\/td>\n<td>Ad personalization and reminder of user preferences.<\/td>\n<td><a href=\"https:\/\/google.com\/\">https:\/\/google.com<\/a><\/td>\n<\/tr>\n<tr>\n<td>^__Secure-<\/td>\n<td>Google<\/td>\n<td>2 years<\/td>\n<td>Detect spam.<\/td>\n<td><a href=\"https:\/\/google.com\/\">https:\/\/google.com<\/a><\/td>\n<\/tr>\n<\/tbody>\n<\/table>\n<\/figure>\n\n<p><strong>Analytical cookies:<\/strong><\/p>\n\n<figure class=\"wp-block-table\">\n<table class=\"has-fixed-layout\">\n<tbody>\n<tr>\n<td>_ga<\/td>\n<td>Google Analytics<\/td>\n<td>2 years<\/td>\n<td>Unique user identification, visits and sessions<\/td>\n<td>https:\/\/ecix.tech\/<\/td>\n<\/tr>\n<tr>\n<td>_gac_UA-3366176-2<\/td>\n<td>Google Analytics<\/td>\n<td>90 days<\/td>\n<td>Campaign-linked analytics.<\/td>\n<td>https:\/\/ecix.tech\/<\/td>\n<\/tr>\n<tr>\n<td>_gat \/ _gat_UA-*<\/td>\n<td>Google Analytics<\/td>\n<td>1 minute<\/td>\n<td>Data rate limiter.<\/td>\n<td>https:\/\/ecix.tech\/<\/td>\n<\/tr>\n<tr>\n<td>_gid<\/td>\n<td>Google Analytics<\/td>\n<td>24 hours<\/td>\n<td>Distinguish short-term users.<\/td>\n<td>https:\/\/ecix.tech\/<\/td>\n<\/tr>\n<\/tbody>\n<\/table>\n<\/figure>\n\n<p><strong>Personalization cookies:<\/strong><\/p>\n\n<figure class=\"wp-block-table\">\n<table class=\"has-fixed-layout\">\n<tbody>\n<tr>\n<td>googtrans<\/td>\n<td>Google<\/td>\n<td>Persistent<\/td>\n<td>Remember selected language.<\/td>\n<td>https:\/\/ecix.tech\/<\/td>\n<\/tr>\n<\/tbody>\n<\/table>\n<\/figure>\n\n<p class=\"wp-block-heading\"><strong>Google:<\/strong>\u00a0<a href=\"https:\/\/policies.google.com\/privacy\">https:\/\/policies.google.com\/privacy<\/a><\/p>\n<p><\/p>\n<p class=\"wp-block-heading\"><strong>WordPress:<\/strong>\u00a0<a href=\"https:\/\/es.wordpress.org\/about\/privacy\/\">https:\/\/es.wordpress.org\/about\/privacy\/<\/a><\/p>\n\n<h4 class=\"wp-block-heading\"><span style=\"color: #294a2e;\">5.\u00a0<strong>Do we transfer data internationally?<\/strong><\/span><\/h4>\n\n<p>Regarding the transfers that, in each case, third-party cookie installers may make on our Website, you can obtain information in their respective policies, accessible through the links indicated above.<\/p>\n\n<h4 class=\"wp-block-heading\"><span style=\"color: #294a2e;\"><strong>6. How can you manage the Cookies that you have authorized ECIX.TECH to use?<\/strong><strong>?<\/strong><\/span><\/h4>\n\n<p>The User may modify their preferences regarding the acceptance of Cookies, except for those that are strictly necessary, through the icon ( <img decoding=\"async\" class=\"alignnone wp-image-29432\" title=\"cookies\" src=\"https:\/\/bucket-5he5hs.s3.eu-west-1.amazonaws.com\/wp-content\/uploads\/2025\/12\/11142106\/cookie.svg\" alt=\"cookies\" width=\"22\" height=\"22\" \/>\u00a0), located at the bottom left of the screen.<\/p>\n\n<p>The User has the option of whether or not to keep Cookies enabled on their devices. This may result in the loss of optimal functioning of the Website, and some of the features or services provided by the Cookies may be disabled.<\/p>\n\n<p>Without prejudice to the foregoing, the User is informed that even if all cookies have been disabled in the web browser and\/or mobile operating system (Windows Phone, iOS, Symbian OS, and\/or Android), these cookies still collect certain information essential for the basic functioning of the Website. Below, we provide additional information on how you can manage, view, and modify cookies in your browser.<\/p>\n\n<p><strong>Displaying cookies<\/strong><\/p>\n\n<p>All modern browsers offer the ability to search for and view the cookies installed by a specific website, obtain information about their duration, and the option to delete them, as indicated in the following section. Below are a series of informative links on this topic from the most commonly used browsers:<\/p>\n\n<ul class=\"wp-block-list\">\n<li>Google Chrome:\u00a0<a href=\"https:\/\/support.google.com\/chrome\/answer\/95647?hl=es\">https:\/\/support.google.com\/chrome\/answer\/95647?hl=es<\/a><\/li>\n\n<li>Mozilla Firefox:\u00a0<a href=\"https:\/\/support.mozilla.org\/es\/kb\/Borrar%20cookies\">https:\/\/support.mozilla.org\/es\/kb\/Borrar%20cookies<\/a><\/li>\n\n<li>Microsoft Edge:\u00a0<a href=\"https:\/\/support.microsoft.com\/en-us\/help\/4534105\/microsoft-edge-configure-your-privacy-settings\">https:\/\/support.microsoft.com\/en-us\/help\/4534105\/microsoft-edge-configure-your-privacy-settings<\/a><\/li>\n\n<li>Safari:\u00a0<a href=\"https:\/\/support.apple.com\/es-es\/guide\/safari\/sfri11471\/mac\">https:\/\/support.apple.com\/es-es\/guide\/safari\/sfri11471\/mac<\/a><\/li>\n<\/ul>\n\n<p><strong>Disabling or deleting cookies<\/strong><\/p>\n\n<p>To disable, restrict, block, or delete cookies, you must modify the settings of the browser you use on your device, whether it&#039;s a computer, smartphone, or tablet. Generally, browsers offer the following configuration options regarding the installation of cookies:<\/p>\n\n<ul class=\"wp-block-list\">\n<li>That the browser rejects all cookies and, therefore, that no cookies from any website are installed on your terminal.<\/li>\n\n<li>Your browser will notify you before a cookie is installed so you can decide whether or not to accept its installation.<\/li>\n\n<li>Your browser will only reject third-party cookies from the websites you visit, but not those used by the website you are browsing.<\/li>\n\n<li>The private browsing option, through which cookies are installed on the terminal, but are automatically deleted when browsing the Website ends.<\/li>\n<\/ul>\n\n<p>Below are a series of informative links on this issue from the most commonly used browsers:<\/p>\n\n<ul class=\"wp-block-list\">\n<li>Google Chrome:\u00a0<a href=\"https:\/\/support.google.com\/chrome\/answer\/95647?hl=es\">https:\/\/support.google.com\/chrome\/answer\/95647?hl=es<\/a><\/li>\n\n<li>Mozilla Firefox:\u00a0<a href=\"https:\/\/support.mozilla.org\/es\/kb\/Borrar%20cookies\">https:\/\/support.mozilla.org\/es\/kb\/Borrar%20cookies<\/a><\/li>\n\n<li>Microsoft Edge:\u00a0<a href=\"https:\/\/support.microsoft.com\/es-es\/help\/4027947\/microsoft-edge-delete-cookies\">https:\/\/support.microsoft.com\/es-es\/help\/4027947\/microsoft-edge-delete-cookies<\/a><\/li>\n\n<li>Safari:\u00a0<a href=\"https:\/\/support.apple.com\/es-es\/guide\/safari\/sfri11471\/mac\">https:\/\/support.apple.com\/es-es\/guide\/safari\/sfri11471\/mac<\/a><\/li>\n<\/ul>\n\n<h4 class=\"wp-block-heading\"><span style=\"color: #294a2e;\">7.\u00a0<strong>Updates and changes to the Cookie Policy<\/strong><\/span><\/h4>\n\n<p><strong>ECIX.TECH\u00a0<\/strong>reserves the right to modify this Policy as a result of new legislative or regulatory requirements, or in order to adapt said Policy to the instructions issued by the Spanish Data Protection Agency (AEPD).<\/p>\n\n<p>If any changes are made to this Policy, the User will be notified by means of a notice published on the Website.<\/p>\n\n<p><strong>Last updated:<\/strong>\u00a0July 8, 2025.<\/p>\n\t\t\t\t\t\t\t\t<\/div>\n\t\t\t\t\t<\/div>\n\t\t\t\t<\/div>\n\t\t\t\t<\/div>","protected":false},"excerpt":{"rendered":"<p>Pol\u00edtica de cookies (UE) 1. Introducci\u00f3n Esta Pol\u00edtica de Cookies (en adelante, la \u201cPol\u00edtica\u201d) es parte integrante del Aviso Legal y la Pol\u00edtica de Privacidad del sitio web https:\/\/ecix.tech\/ (en adelante, el \u201cSitio Web\u201d) y en la aplicaci\u00f3n para dispositivos m\u00f3viles. Con el fin de facilitar la navegaci\u00f3n por el Sitio Web, le informamos que [&hellip;]<\/p>","protected":false},"author":2,"featured_media":0,"parent":0,"menu_order":0,"comment_status":"closed","ping_status":"closed","template":"","meta":{"footnotes":""},"class_list":["post-77","page","type-page","status-publish","hentry"],"yoast_head":"<!-- This site is optimized with the Yoast SEO plugin v26.4 - https:\/\/yoast.com\/wordpress\/plugins\/seo\/ -->\n<title>Pol\u00edtica de cookies (UE) - ECIX TECH<\/title>\n<meta name=\"robots\" content=\"index, follow, max-snippet:-1, max-image-preview:large, max-video-preview:-1\" \/>\n<link rel=\"canonical\" href=\"https:\/\/54.247.110.102\/en\/eu-cookie-policy\/\" \/>\n<meta property=\"og:locale\" content=\"en_GB\" \/>\n<meta property=\"og:type\" content=\"article\" \/>\n<meta property=\"og:title\" content=\"Pol\u00edtica de cookies (UE) - ECIX TECH\" \/>\n<meta property=\"og:description\" content=\"Pol\u00edtica de cookies (UE) 1. Introducci\u00f3n Esta Pol\u00edtica de Cookies (en adelante, la \u201cPol\u00edtica\u201d) es parte integrante del Aviso Legal y la Pol\u00edtica de Privacidad del sitio web https:\/\/ecix.tech\/ (en adelante, el \u201cSitio Web\u201d) y en la aplicaci\u00f3n para dispositivos m\u00f3viles. Con el fin de facilitar la navegaci\u00f3n por el Sitio Web, le informamos que [&hellip;]\" \/>\n<meta property=\"og:url\" content=\"https:\/\/54.247.110.102\/en\/eu-cookie-policy\/\" \/>\n<meta property=\"og:site_name\" content=\"ECIX TECH\" \/>\n<meta property=\"article:modified_time\" content=\"2025-12-11T13:24:47+00:00\" \/>\n<meta property=\"og:image\" content=\"https:\/\/ecix.tech\/wp-content\/uploads\/2025\/12\/cookie.svg\" \/>\n<meta name=\"twitter:card\" content=\"summary_large_image\" \/>\n<script type=\"application\/ld+json\" class=\"yoast-schema-graph\">{\"@context\":\"https:\/\/schema.org\",\"@graph\":[{\"@type\":\"WebPage\",\"@id\":\"https:\/\/54.247.110.102\/en\/eu-cookie-policy\/\",\"url\":\"https:\/\/54.247.110.102\/en\/eu-cookie-policy\/\",\"name\":\"Pol\u00edtica de cookies (UE) - ECIX TECH\",\"isPartOf\":{\"@id\":\"https:\/\/pl.nextlgsdp.com\/es\/#website\"},\"primaryImageOfPage\":{\"@id\":\"https:\/\/54.247.110.102\/en\/eu-cookie-policy\/#primaryimage\"},\"image\":{\"@id\":\"https:\/\/54.247.110.102\/en\/eu-cookie-policy\/#primaryimage\"},\"thumbnailUrl\":\"https:\/\/ecix.tech\/wp-content\/uploads\/2025\/12\/cookie.svg\",\"datePublished\":\"2025-07-15T08:42:33+00:00\",\"dateModified\":\"2025-12-11T13:24:47+00:00\",\"breadcrumb\":{\"@id\":\"https:\/\/54.247.110.102\/en\/eu-cookie-policy\/#breadcrumb\"},\"inLanguage\":\"en-GB\",\"potentialAction\":[{\"@type\":\"ReadAction\",\"target\":[\"https:\/\/54.247.110.102\/en\/eu-cookie-policy\/\"]}]},{\"@type\":\"ImageObject\",\"inLanguage\":\"en-GB\",\"@id\":\"https:\/\/54.247.110.102\/en\/eu-cookie-policy\/#primaryimage\",\"url\":\"https:\/\/ecix.tech\/wp-content\/uploads\/2025\/12\/cookie.svg\",\"contentUrl\":\"https:\/\/ecix.tech\/wp-content\/uploads\/2025\/12\/cookie.svg\"},{\"@type\":\"BreadcrumbList\",\"@id\":\"https:\/\/54.247.110.102\/en\/eu-cookie-policy\/#breadcrumb\",\"itemListElement\":[{\"@type\":\"ListItem\",\"position\":1,\"name\":\"Home\",\"item\":\"https:\/\/54.247.110.102\/es\/\"},{\"@type\":\"ListItem\",\"position\":2,\"name\":\"Pol\u00edtica de cookies (UE)\"}]},{\"@type\":\"WebSite\",\"@id\":\"https:\/\/pl.nextlgsdp.com\/es\/#website\",\"url\":\"https:\/\/pl.nextlgsdp.com\/es\/\",\"name\":\"ECIX TECH\",\"description\":\"Servicios y soluciones para el cumplimiento normativo\",\"publisher\":{\"@id\":\"https:\/\/pl.nextlgsdp.com\/es\/#organization\"},\"potentialAction\":[{\"@type\":\"SearchAction\",\"target\":{\"@type\":\"EntryPoint\",\"urlTemplate\":\"https:\/\/pl.nextlgsdp.com\/es\/?s={search_term_string}\"},\"query-input\":{\"@type\":\"PropertyValueSpecification\",\"valueRequired\":true,\"valueName\":\"search_term_string\"}}],\"inLanguage\":\"en-GB\"},{\"@type\":\"Organization\",\"@id\":\"https:\/\/pl.nextlgsdp.com\/es\/#organization\",\"name\":\"ECIX TECH\",\"url\":\"https:\/\/pl.nextlgsdp.com\/es\/\",\"logo\":{\"@type\":\"ImageObject\",\"inLanguage\":\"en-GB\",\"@id\":\"https:\/\/pl.nextlgsdp.com\/es\/#\/schema\/logo\/image\/\",\"url\":\"https:\/\/ecix.tech\/wp-content\/uploads\/2025\/07\/Ecixtech-scaled.png\",\"contentUrl\":\"https:\/\/ecix.tech\/wp-content\/uploads\/2025\/07\/Ecixtech-scaled.png\",\"width\":2560,\"height\":677,\"caption\":\"ECIX TECH\"},\"image\":{\"@id\":\"https:\/\/pl.nextlgsdp.com\/es\/#\/schema\/logo\/image\/\"}}]}<\/script>\n<!-- \/ Yoast SEO plugin. -->","yoast_head_json":{"title":"Cookies policy (EU) - ECIX TECH","robots":{"index":"index","follow":"follow","max-snippet":"max-snippet:-1","max-image-preview":"max-image-preview:large","max-video-preview":"max-video-preview:-1"},"canonical":"https:\/\/54.247.110.102\/en\/eu-cookie-policy\/","og_locale":"en_GB","og_type":"article","og_title":"Pol\u00edtica de cookies (UE) - ECIX TECH","og_description":"Pol\u00edtica de cookies (UE) 1. Introducci\u00f3n Esta Pol\u00edtica de Cookies (en adelante, la \u201cPol\u00edtica\u201d) es parte integrante del Aviso Legal y la Pol\u00edtica de Privacidad del sitio web https:\/\/ecix.tech\/ (en adelante, el \u201cSitio Web\u201d) y en la aplicaci\u00f3n para dispositivos m\u00f3viles. Con el fin de facilitar la navegaci\u00f3n por el Sitio Web, le informamos que [&hellip;]","og_url":"https:\/\/54.247.110.102\/en\/eu-cookie-policy\/","og_site_name":"ECIX TECH","article_modified_time":"2025-12-11T13:24:47+00:00","og_image":[{"url":"https:\/\/ecix.tech\/wp-content\/uploads\/2025\/12\/cookie.svg","type":"","width":"","height":""}],"twitter_card":"summary_large_image","schema":{"@context":"https:\/\/schema.org","@graph":[{"@type":"WebPage","@id":"https:\/\/54.247.110.102\/en\/eu-cookie-policy\/","url":"https:\/\/54.247.110.102\/en\/eu-cookie-policy\/","name":"Cookies policy (EU) - ECIX TECH","isPartOf":{"@id":"https:\/\/pl.nextlgsdp.com\/es\/#website"},"primaryImageOfPage":{"@id":"https:\/\/54.247.110.102\/en\/eu-cookie-policy\/#primaryimage"},"image":{"@id":"https:\/\/54.247.110.102\/en\/eu-cookie-policy\/#primaryimage"},"thumbnailUrl":"https:\/\/ecix.tech\/wp-content\/uploads\/2025\/12\/cookie.svg","datePublished":"2025-07-15T08:42:33+00:00","dateModified":"2025-12-11T13:24:47+00:00","breadcrumb":{"@id":"https:\/\/54.247.110.102\/en\/eu-cookie-policy\/#breadcrumb"},"inLanguage":"en-GB","potentialAction":[{"@type":"ReadAction","target":["https:\/\/54.247.110.102\/en\/eu-cookie-policy\/"]}]},{"@type":"ImageObject","inLanguage":"en-GB","@id":"https:\/\/54.247.110.102\/en\/eu-cookie-policy\/#primaryimage","url":"https:\/\/ecix.tech\/wp-content\/uploads\/2025\/12\/cookie.svg","contentUrl":"https:\/\/ecix.tech\/wp-content\/uploads\/2025\/12\/cookie.svg"},{"@type":"BreadcrumbList","@id":"https:\/\/54.247.110.102\/en\/eu-cookie-policy\/#breadcrumb","itemListElement":[{"@type":"ListItem","position":1,"name":"Home","item":"https:\/\/54.247.110.102\/es\/"},{"@type":"ListItem","position":2,"name":"Pol\u00edtica de cookies (UE)"}]},{"@type":"WebSite","@id":"https:\/\/pl.nextlgsdp.com\/es\/#website","url":"https:\/\/pl.nextlgsdp.com\/es\/","name":"ECIX TECH","description":"Compliance services and solutions","publisher":{"@id":"https:\/\/pl.nextlgsdp.com\/es\/#organization"},"potentialAction":[{"@type":"SearchAction","target":{"@type":"EntryPoint","urlTemplate":"https:\/\/pl.nextlgsdp.com\/es\/?s={search_term_string}"},"query-input":{"@type":"PropertyValueSpecification","valueRequired":true,"valueName":"search_term_string"}}],"inLanguage":"en-GB"},{"@type":"Organization","@id":"https:\/\/pl.nextlgsdp.com\/es\/#organization","name":"ECIX TECH","url":"https:\/\/pl.nextlgsdp.com\/es\/","logo":{"@type":"ImageObject","inLanguage":"en-GB","@id":"https:\/\/pl.nextlgsdp.com\/es\/#\/schema\/logo\/image\/","url":"https:\/\/ecix.tech\/wp-content\/uploads\/2025\/07\/Ecixtech-scaled.png","contentUrl":"https:\/\/ecix.tech\/wp-content\/uploads\/2025\/07\/Ecixtech-scaled.png","width":2560,"height":677,"caption":"ECIX TECH"},"image":{"@id":"https:\/\/pl.nextlgsdp.com\/es\/#\/schema\/logo\/image\/"}}]}},"_links":{"self":[{"href":"https:\/\/ecix.tech\/en\/wp-json\/wp\/v2\/pages\/77","targetHints":{"allow":["GET"]}}],"collection":[{"href":"https:\/\/ecix.tech\/en\/wp-json\/wp\/v2\/pages"}],"about":[{"href":"https:\/\/ecix.tech\/en\/wp-json\/wp\/v2\/types\/page"}],"author":[{"embeddable":true,"href":"https:\/\/ecix.tech\/en\/wp-json\/wp\/v2\/users\/2"}],"replies":[{"embeddable":true,"href":"https:\/\/ecix.tech\/en\/wp-json\/wp\/v2\/comments?post=77"}],"version-history":[{"count":28,"href":"https:\/\/ecix.tech\/en\/wp-json\/wp\/v2\/pages\/77\/revisions"}],"predecessor-version":[{"id":29438,"href":"https:\/\/ecix.tech\/en\/wp-json\/wp\/v2\/pages\/77\/revisions\/29438"}],"wp:attachment":[{"href":"https:\/\/ecix.tech\/en\/wp-json\/wp\/v2\/media?parent=77"}],"curies":[{"name":"wp","href":"https:\/\/api.w.org\/{rel}","templated":true}]}}