{"id":9002,"date":"2020-12-14T13:56:06","date_gmt":"2020-12-14T13:56:06","guid":{"rendered":"https:\/\/companyhub.liquid-themes.com\/staging\/?page_id=9002"},"modified":"2026-02-12T11:33:59","modified_gmt":"2026-02-12T10:33:59","slug":"contacta","status":"publish","type":"page","link":"https:\/\/ecix.tech\/ca\/contacta\/","title":{"rendered":"Contacta"},"content":{"rendered":"<div data-elementor-type=\"wp-page\" data-elementor-id=\"9002\" class=\"elementor elementor-9002\" data-elementor-post-type=\"page\">\n\t\t\t\t\t\t<section data-section-luminosity=\"dark\" class=\"elementor-section elementor-top-section elementor-element elementor-element-34f8e06 elementor-section-boxed elementor-section-height-default elementor-section-height-default\" data-id=\"34f8e06\" data-element_type=\"section\" data-e-type=\"section\" data-settings=\"{&quot;background_background&quot;:&quot;classic&quot;}\">\n\t\t\t\t\t\t<div class=\"elementor-container elementor-column-gap-default\">\n\t\t\t\t\t<div class=\"elementor-column elementor-col-100 elementor-top-column elementor-element elementor-element-6060f37f\" data-id=\"6060f37f\" data-element_type=\"column\" data-e-type=\"column\">\n\t\t\t<div class=\"elementor-widget-wrap\">\n\t\t\t\t\t\t\t<\/div>\n\t\t<\/div>\n\t\t\t\t\t<\/div>\n\t\t<\/section>\n\t\t\t\t<section class=\"elementor-section elementor-top-section elementor-element elementor-element-483ca731 elementor-section-full_width elementor-section-height-default elementor-section-height-default\" data-id=\"483ca731\" data-element_type=\"section\" data-e-type=\"section\" data-settings=\"{&quot;background_background&quot;:&quot;classic&quot;}\">\n\t\t\t\t\t\t<div class=\"elementor-container elementor-column-gap-default\">\n\t\t\t\t\t<div class=\"elementor-column elementor-col-50 elementor-top-column elementor-element elementor-element-57770db8\" data-id=\"57770db8\" data-element_type=\"column\" data-e-type=\"column\" data-settings=\"{&quot;background_background&quot;:&quot;classic&quot;}\">\n\t\t\t<div class=\"elementor-widget-wrap elementor-element-populated\">\n\t\t\t\t\t\t<div class=\"elementor-element elementor-element-7583c949 elementor-widget elementor-widget-spacer\" data-id=\"7583c949\" data-element_type=\"widget\" data-e-type=\"widget\" data-widget_type=\"spacer.default\">\n\t\t\t\t\t\t\t<div class=\"elementor-spacer\">\n\t\t\t<div class=\"elementor-spacer-inner\"><\/div>\n\t\t<\/div>\n\t\t\t\t\t\t<\/div>\n\t\t\t\t<div class=\"elementor-element elementor-element-3d038749 elementor-widget elementor-widget-ld_tabs\" data-id=\"3d038749\" data-element_type=\"widget\" data-e-type=\"widget\" data-widget_type=\"ld_tabs.default\">\n\t\t\t\t<div class=\"elementor-widget-container\">\n\t\t\t\t\t\t\t<div class=\"lqd-tabs lqd-tabs-style-12 lqd-tabs-nav-plain d-flex lqd-tabs-nav-items-not-expanded flex-column 3d038749 lqd-nav-underline-default\" data-tabs-options=\"{&quot;trigger&quot;:&quot;click&quot;}\">\n\n\t\t\t<nav class=\"lqd-tabs-nav-wrap mb-6\">\n\t\t\t\t<ul class=\"reset-ul lqd-tabs-nav d-flex align-items-center flex-wrap justify-content-md-start pos-rel\" role=\"tablist\"><li data-controls=\"lqd-tab-1021\" role=\"presentation\" class=\"elementor-repeater-item-b79a58b active mb-3\"><a class=\"d-flex align-items-center\" href=\"#lqd-tab-1021\" data-bs-target=\"#lqd-tab-1021\" aria-expanded=\"false\" aria-controls=\"lqd-tab-1021\" role=\"tab\" data-toggle=\"tab\" data-bs-toggle=\"tab\"><span class=\"lqd-tabs-nav-txt\">Madrid<\/span><\/a><\/li><li data-controls=\"lqd-tab-1022\" role=\"presentation\" class=\"elementor-repeater-item-f9217c9 mb-3\"><a class=\"d-flex align-items-center\" href=\"#lqd-tab-1022\" data-bs-target=\"#lqd-tab-1022\" aria-expanded=\"false\" aria-controls=\"lqd-tab-1022\" role=\"tab\" data-toggle=\"tab\" data-bs-toggle=\"tab\"><span class=\"lqd-tabs-nav-txt\">Barcelona<\/span><\/a><\/li><\/ul>\t\t\t\t\t\t\t<\/nav>\n\n\t\t\t<div class=\"lqd-tabs-content pos-rel\"><div id=\"lqd-tab-1021\" role=\"tabpanel\" class=\"lqd-tabs-pane fade active in\"><p>Carrer L\u00f3pez de Hoyos 35 2n A<br \/>28002 Madrid<br \/><a href=\"mailto:info@ecix.tech\" target=\"_blank\" rel=\"noopener\">info@ecix.tech<\/a><br \/>+34 910 01 67 67<\/p> <\/div><div id=\"lqd-tab-1022\" role=\"tabpanel\" class=\"lqd-tabs-pane fade\"><p>Passeig de Gr\u00e0cia, 101 - 2-1\u00a0<br \/>08008 Barcelona<br \/><a href=\"mailto:info@ecix.tech\" target=\"_blank\" rel=\"noopener\">info@ecix.tech<\/a><br \/>+34 910 01 67 67<\/p> <\/div><\/div>\n\t\t<\/div>\n\t\t\t\t\t<\/div>\n\t\t\t\t<\/div>\n\t\t\t\t<div class=\"elementor-element elementor-element-39f24ceb elementor-widget elementor-widget-spacer\" data-id=\"39f24ceb\" data-element_type=\"widget\" data-e-type=\"widget\" data-widget_type=\"spacer.default\">\n\t\t\t\t\t\t\t<div class=\"elementor-spacer\">\n\t\t\t<div class=\"elementor-spacer-inner\"><\/div>\n\t\t<\/div>\n\t\t\t\t\t\t<\/div>\n\t\t\t\t\t<\/div>\n\t\t<\/div>\n\t\t\t\t<div class=\"elementor-column elementor-col-50 elementor-top-column elementor-element elementor-element-11ae2088 elementor-hidden-tablet elementor-hidden-phone\" data-id=\"11ae2088\" data-element_type=\"column\" data-e-type=\"column\" data-settings=\"{&quot;background_background&quot;:&quot;classic&quot;}\">\n\t\t\t<div class=\"elementor-widget-wrap\">\n\t\t\t\t\t\t\t<\/div>\n\t\t<\/div>\n\t\t\t\t\t<\/div>\n\t\t<\/section>\n\t\t\t\t<section class=\"elementor-section elementor-top-section elementor-element elementor-element-9b0fa65 elementor-section-boxed elementor-section-height-default elementor-section-height-default\" data-id=\"9b0fa65\" data-element_type=\"section\" data-e-type=\"section\" data-settings=\"{&quot;background_background&quot;:&quot;classic&quot;}\">\n\t\t\t\t\t\t<div class=\"elementor-container elementor-column-gap-default\">\n\t\t\t\t\t<div class=\"elementor-column elementor-col-50 elementor-top-column elementor-element elementor-element-71d627f9\" data-id=\"71d627f9\" data-element_type=\"column\" data-e-type=\"column\">\n\t\t\t<div class=\"elementor-widget-wrap elementor-element-populated\">\n\t\t\t\t\t\t<div class=\"elementor-element elementor-element-7d16af50 elementor-widget elementor-widget-hub_fancy_heading\" data-id=\"7d16af50\" data-element_type=\"widget\" data-e-type=\"widget\" data-widget_type=\"hub_fancy_heading.default\">\n\t\t\t\t<div class=\"elementor-widget-container\">\n\t\t\t\t\t\n\t\t<div id=\"ld-fancy-heading-69d9bd801ad5f\" class=\"ld-fancy-heading pos-rel\">\n\t\t\t<h6 class=\"ld-fh-element d-inline-block pos-rel  elementor-heading-title lqd-highlight-classic lqd-highlight-grow-left h6\"  > Omple el formulari<\/h6>\t\t<\/div>\n\n\t\t\t\t\t\t<\/div>\n\t\t\t\t<\/div>\n\t\t\t\t<div class=\"elementor-element elementor-element-4752bd6e elementor-widget elementor-widget-hub_fancy_heading\" data-id=\"4752bd6e\" data-element_type=\"widget\" data-e-type=\"widget\" data-widget_type=\"hub_fancy_heading.default\">\n\t\t\t\t<div class=\"elementor-widget-container\">\n\t\t\t\t\t\n\t\t<div id=\"ld-fancy-heading-69d9bd801b692\" class=\"ld-fancy-heading pos-rel\">\n\t\t\t<h3 class=\"ld-fh-element d-inline-block pos-rel  elementor-heading-title lqd-highlight-classic lqd-highlight-grow-left h3\"  > Contacti amb nosaltres<\/h3>\t\t<\/div>\n\n\t\t\t\t\t\t<\/div>\n\t\t\t\t<\/div>\n\t\t\t\t\t<\/div>\n\t\t<\/div>\n\t\t\t\t<div class=\"elementor-column elementor-col-50 elementor-top-column elementor-element elementor-element-1da9df08\" data-id=\"1da9df08\" data-element_type=\"column\" data-e-type=\"column\">\n\t\t\t<div class=\"elementor-widget-wrap elementor-element-populated\">\n\t\t\t\t\t\t<div class=\"elementor-element elementor-element-f7ec0c elementor-widget elementor-widget-ld_cf722\" data-id=\"f7ec0c\" data-element_type=\"widget\" data-e-type=\"widget\" data-widget_type=\"ld_cf722.default\">\n\t\t\t\t<div class=\"elementor-widget-container\">\n\t\t\t\t\t\n\t<div class=\"lqd-contact-form lqd-contact-form-inputs-underlined lqd-contact-form-inputs-border-thick  lqd-contact-form-button-block  lqd-contact-form-button-lg lqd-contact-form-button-round\">\n\t\t\n<div class=\"wpcf7 no-js\" id=\"wpcf7-f15759-o1\" lang=\"en-US\" dir=\"ltr\" data-wpcf7-id=\"15759\">\n<div class=\"screen-reader-response\"><p role=\"status\" aria-live=\"polite\" aria-atomic=\"true\"><\/p> <ul><\/ul><\/div>\n<form action=\"\/ca\/wp-json\/wp\/v2\/pages\/9002#wpcf7-f15759-o1\" method=\"post\" class=\"wpcf7-form init\" aria-label=\"Contact form\" novalidate=\"novalidate\" data-status=\"init\" data-trp-original-action=\"\/ca\/wp-json\/wp\/v2\/pages\/9002#wpcf7-f15759-o1\">\n<fieldset class=\"hidden-fields-container\"><input type=\"hidden\" name=\"_wpcf7\" value=\"15759\" \/><input type=\"hidden\" name=\"_wpcf7_version\" value=\"6.1.5\" \/><input type=\"hidden\" name=\"_wpcf7_locale\" value=\"en_US\" \/><input type=\"hidden\" name=\"_wpcf7_unit_tag\" value=\"wpcf7-f15759-o1\" \/><input type=\"hidden\" name=\"_wpcf7_container_post\" value=\"0\" \/><input type=\"hidden\" name=\"_wpcf7_posted_data_hash\" value=\"\" \/>\n<\/fieldset>\n<div class=\"row\">\n\t<div class=\"col-md-12\">\n\t\t<p><span class=\"wpcf7-form-control-wrap\" data-name=\"text-name\"><input size=\"40\" maxlength=\"400\" class=\"wpcf7-form-control wpcf7-text wpcf7-validates-as-required\" aria-required=\"true\" aria-invalid=\"false\" placeholder=\"Nom i Cognoms\" value=\"\" type=\"text\" name=\"text-name\" \/><\/span>\n\t\t<\/p>\n\t<\/div>\n\t<div class=\"col-md-6\">\n\t\t<p><span class=\"wpcf7-form-control-wrap\" data-name=\"text-email\"><input size=\"40\" maxlength=\"400\" class=\"wpcf7-form-control wpcf7-email wpcf7-validates-as-required wpcf7-text wpcf7-validates-as-email\" aria-required=\"true\" aria-invalid=\"false\" placeholder=\"Email\" value=\"\" type=\"email\" name=\"text-email\" \/><\/span>\n\t\t<\/p>\n\t<\/div>\n\t<div class=\"col-md-6\">\n\t\t<p><span class=\"wpcf7-form-control-wrap\" data-name=\"text-tel\"><input size=\"40\" maxlength=\"400\" class=\"wpcf7-form-control wpcf7-tel wpcf7-validates-as-required wpcf7-text wpcf7-validates-as-tel\" aria-required=\"true\" aria-invalid=\"false\" placeholder=\"Tel\u00e8fon\" value=\"\" type=\"tel\" name=\"text-tel\" \/><\/span>\n\t\t<\/p>\n\t<\/div>\n\t<div class=\"col-md-12\">\n\t\t<p><span class=\"wpcf7-form-control-wrap\" data-name=\"text-company\"><input size=\"40\" maxlength=\"400\" class=\"wpcf7-form-control wpcf7-text wpcf7-validates-as-required\" aria-required=\"true\" aria-invalid=\"false\" placeholder=\"Empresa\" value=\"\" type=\"text\" name=\"text-company\" \/><\/span>\n\t\t<\/p>\n\t<\/div>\n\t<div class=\"col-md-12\">\n\t\t<p><span class=\"wpcf7-form-control-wrap\" data-name=\"select-motive\"><select class=\"wpcf7-form-control wpcf7-select wpcf7-validates-as-required\" aria-required=\"true\" aria-invalid=\"false\" name=\"select-motive\"><option value=\"\">Motiu del missatge<\/option><option value=\"MIA Enterprise\">MIA Enterprise<\/option><option value=\"ePrivacy\">ePrivacy<\/option><option value=\"eTPC\">eTPC<\/option><option value=\"eConsent\">eConsent<\/option><option value=\"eRobinson\">eRobinson<\/option><option value=\"eRia\">eRia<\/option><option value=\"Servicios\">Serveis<\/option><\/select><\/span>\n\t\t<\/p>\n\t<\/div>\n\t<div class=\"col-md-12\">\n\t\t<p><span class=\"wpcf7-form-control-wrap\" data-name=\"textarea-message\"><textarea cols=\"10\" rows=\"4\" maxlength=\"2000\" class=\"wpcf7-form-control wpcf7-textarea wpcf7-validates-as-required\" aria-required=\"true\" aria-invalid=\"false\" placeholder=\"Missatge\" name=\"textarea-message\"><\/textarea><\/span>\n\t\t<\/p>\n\t<\/div>\n\t<div class=\"col-md-12\">\n\t\t<p><span class=\"wpcf7-form-control-wrap\" data-name=\"acceptance-legal\"><span class=\"wpcf7-form-control wpcf7-acceptance\"><span class=\"wpcf7-list-item\"><label><input type=\"checkbox\" name=\"acceptance-legal\" value=\"1\" aria-invalid=\"false\" \/><span class=\"wpcf7-list-item-label\">He llegit i ent\u00e8s la pol\u00edtica de protecci\u00f3 de dades.<\/span><\/label><\/span><\/span><\/span>\n\t\t<\/p>\n\t<\/div>\n\t<div class=\"col-md-12\" style=\"color:#666; display:inline;\">\n\t\t<p><span style=\"font-weight:bold; font-size:12px;padding-left:15px;\">M\u00e9s informaci\u00f3: <\/span><br \/>\n<a href=\"https:\/\/ecix.tech\/ca\/politica-de-privadesa\/\" target=\"_blank\" style=\"color:#40A04C; font-size:11px; text-decoration:none; display:inline; padding-left:15px;\">Av\u00eds Legal | Pol\u00edtica de protecci\u00f3 de dades<\/a>\n\t\t<\/p>\n\t<\/div>\n\t<div class=\"col-md-12\">\n\t\t<p><span class=\"wpcf7-form-control-wrap\" data-name=\"acceptance-privacy\"><span class=\"wpcf7-form-control wpcf7-acceptance optional\"><span class=\"wpcf7-list-item\"><label><input type=\"checkbox\" name=\"acceptance-privacy\" value=\"1\" aria-invalid=\"false\" \/><span class=\"wpcf7-list-item-label\">Accepto rebre comunicacions comercials per part d\u00b4EcixTech.<\/span><\/label><\/span><\/span><\/span>\n\t\t<\/p>\n\t<\/div>\n\t<div class=\"col-md-12 info-legal\" style=\"font-size:10px; margin-bottom:20px; line-height:1.5;text-align:justify;\">\n\t\t<p>ECIX GROUP, SL, com a responsable del tractament, tractar\u00e0 les vostres dades personals amb la finalitat de gestionar la vostra sol\u00b7licitud d&#039;informaci\u00f3. A m\u00e9s, si ens d\u00f3nes el teu consentiment, et remetrem comunicacions comercials amb la nostra informaci\u00f3 i novetats. Pots consultar m\u00e9s informaci\u00f3 sobre protecci\u00f3 de dades a la Pol\u00edtica de Protecci\u00f3 de Dades i exercir els teus drets o contactar amb el nostre Delegat de Protecci\u00f3 de Dades a trav\u00e9s de privadesa@ecix.tech.\n\t\t<\/p>\n\t<\/div>\n\t<div class=\"col-md-12\">\n\t\t<p><div id=\"cf7sr-69d9bd801ebed\" class=\"cf7sr-g-turnstile\" data-redirect=\"\" data-theme=\"auto\" data-language=\"auto\" data-size=\"normal\" \n    data-sitekey=\"0x4AAAAAACD8KgclvtE0SnGI\"><\/div><span class=\"wpcf7-form-control-wrap cf7sr-turnstile\" data-name=\"cf7sr-turnstile\"><input type=\"hidden\" name=\"cf7sr-turnstile\" value=\"\" class=\"wpcf7-form-control\"><\/span>\n\t\t<\/p>\n\t<\/div>\n\t<div class=\"col-md-12\">\n\t\t<p><input class=\"wpcf7-form-control wpcf7-submit has-spinner\" type=\"submit\" value=\"Enviar\" \/>\n\t\t<\/p>\n\t<\/div>\n<\/div><div class=\"wpcf7-response-output\" aria-hidden=\"true\"><\/div>\n<input type=\"hidden\" name=\"trp-form-language\" value=\"ca\"\/><\/form>\n<\/div>\n\t<\/div>\n\n\t\t\t\t\t<\/div>\n\t\t\t\t<\/div>\n\t\t\t\t\t<\/div>\n\t\t<\/div>\n\t\t\t\t\t<\/div>\n\t\t<\/section>\n\t\t\t\t<\/div>","protected":false},"excerpt":{"rendered":"<p>Madrid Barcelona Carrer L\u00f3pez de Hoyos 35 2n A28002 Madridinfo@ecix.tech+34 910 01 67 67 Passeig de Gr\u00e0cia, 101 \u2013 2-1 08008 Barcelonainfo@ecix.tech+34 910 01 67 67 Omple el formulari Contacti amb nosaltres EnterpriseePrivacyeTPCeConsenteRobinsoneRiaServeis He llegit i ent\u00e8s la Pol\u00edtica de Protecci\u00f3 de Dades. M\u00e9s informaci\u00f3: Av\u00eds Legal | Pol\u00edtica de Protecci\u00f3 de Dades [\u2026]<\/p>","protected":false},"author":2,"featured_media":0,"parent":0,"menu_order":0,"comment_status":"closed","ping_status":"closed","template":"","meta":{"footnotes":""},"class_list":["post-9002","page","type-page","status-publish","hentry"],"yoast_head":"<!-- This site is optimized with the Yoast SEO plugin v26.4 - https:\/\/yoast.com\/wordpress\/plugins\/seo\/ -->\n<title>Contacta - ECIX TECH<\/title>\n<meta name=\"description\" content=\"Contacta con Ecix Tech en nuestras oficinas de Madrid y Barcelona, a trav\u00e9s de nuestro correo electr\u00f3nico o nuestro tel\u00e9fono\" \/>\n<meta name=\"robots\" content=\"index, follow, max-snippet:-1, max-image-preview:large, max-video-preview:-1\" \/>\n<link rel=\"canonical\" href=\"https:\/\/ecix.tech\/ca\/contacta\/\" \/>\n<meta property=\"og:locale\" content=\"ca_ES\" \/>\n<meta property=\"og:type\" content=\"article\" \/>\n<meta property=\"og:title\" content=\"Contacta - ECIX TECH\" \/>\n<meta property=\"og:description\" content=\"Contacta con Ecix Tech en nuestras oficinas de Madrid y Barcelona, a trav\u00e9s de nuestro correo electr\u00f3nico o nuestro tel\u00e9fono\" \/>\n<meta property=\"og:url\" content=\"https:\/\/ecix.tech\/ca\/contacta\/\" \/>\n<meta property=\"og:site_name\" content=\"ECIX TECH\" \/>\n<meta property=\"article:modified_time\" content=\"2026-02-12T10:33:59+00:00\" \/>\n<meta name=\"twitter:card\" content=\"summary_large_image\" \/>\n<meta name=\"twitter:label1\" content=\"Temps estimat de lectura\" \/>\n\t<meta name=\"twitter:data1\" content=\"1 minut\" \/>\n<script type=\"application\/ld+json\" class=\"yoast-schema-graph\">{\"@context\":\"https:\/\/schema.org\",\"@graph\":[{\"@type\":[\"WebPage\",\"ContactPage\"],\"@id\":\"https:\/\/ecix.tech\/contacta\/\",\"url\":\"https:\/\/ecix.tech\/contacta\/\",\"name\":\"Contacta - ECIX TECH\",\"isPartOf\":{\"@id\":\"https:\/\/pl.nextlgsdp.com\/es\/#website\"},\"datePublished\":\"2020-12-14T13:56:06+00:00\",\"dateModified\":\"2026-02-12T10:33:59+00:00\",\"description\":\"Contacta con Ecix Tech en nuestras oficinas de Madrid y Barcelona, a trav\u00e9s de nuestro correo electr\u00f3nico o nuestro tel\u00e9fono\",\"breadcrumb\":{\"@id\":\"https:\/\/ecix.tech\/contacta\/#breadcrumb\"},\"inLanguage\":\"ca\",\"potentialAction\":[{\"@type\":\"ReadAction\",\"target\":[\"https:\/\/ecix.tech\/contacta\/\"]}]},{\"@type\":\"BreadcrumbList\",\"@id\":\"https:\/\/ecix.tech\/contacta\/#breadcrumb\",\"itemListElement\":[{\"@type\":\"ListItem\",\"position\":1,\"name\":\"Home\",\"item\":\"https:\/\/54.247.110.102\/es\/\"},{\"@type\":\"ListItem\",\"position\":2,\"name\":\"Contacta\"}]},{\"@type\":\"WebSite\",\"@id\":\"https:\/\/pl.nextlgsdp.com\/es\/#website\",\"url\":\"https:\/\/pl.nextlgsdp.com\/es\/\",\"name\":\"ECIX TECH\",\"description\":\"Servicios y soluciones para el cumplimiento normativo\",\"publisher\":{\"@id\":\"https:\/\/pl.nextlgsdp.com\/es\/#organization\"},\"potentialAction\":[{\"@type\":\"SearchAction\",\"target\":{\"@type\":\"EntryPoint\",\"urlTemplate\":\"https:\/\/pl.nextlgsdp.com\/es\/?s={search_term_string}\"},\"query-input\":{\"@type\":\"PropertyValueSpecification\",\"valueRequired\":true,\"valueName\":\"search_term_string\"}}],\"inLanguage\":\"ca\"},{\"@type\":\"Organization\",\"@id\":\"https:\/\/pl.nextlgsdp.com\/es\/#organization\",\"name\":\"ECIX TECH\",\"url\":\"https:\/\/pl.nextlgsdp.com\/es\/\",\"logo\":{\"@type\":\"ImageObject\",\"inLanguage\":\"ca\",\"@id\":\"https:\/\/pl.nextlgsdp.com\/es\/#\/schema\/logo\/image\/\",\"url\":\"https:\/\/ecix.tech\/wp-content\/uploads\/2025\/07\/Ecixtech-scaled.png\",\"contentUrl\":\"https:\/\/ecix.tech\/wp-content\/uploads\/2025\/07\/Ecixtech-scaled.png\",\"width\":2560,\"height\":677,\"caption\":\"ECIX TECH\"},\"image\":{\"@id\":\"https:\/\/pl.nextlgsdp.com\/es\/#\/schema\/logo\/image\/\"}}]}<\/script>\n<!-- \/ Yoast SEO plugin. -->","yoast_head_json":{"title":"Contacta - ECIX TECH","description":"Contacta amb Ecix Tech a les nostres oficines de Madrid i Barcelona, a trav\u00e9s del nostre correu electr\u00f2nic o el nostre tel\u00e8fon","robots":{"index":"index","follow":"follow","max-snippet":"max-snippet:-1","max-image-preview":"max-image-preview:large","max-video-preview":"max-video-preview:-1"},"canonical":"https:\/\/ecix.tech\/ca\/contacta\/","og_locale":"ca_ES","og_type":"article","og_title":"Contacta - ECIX TECH","og_description":"Contacta con Ecix Tech en nuestras oficinas de Madrid y Barcelona, a trav\u00e9s de nuestro correo electr\u00f3nico o nuestro tel\u00e9fono","og_url":"https:\/\/ecix.tech\/ca\/contacta\/","og_site_name":"ECIX TECH","article_modified_time":"2026-02-12T10:33:59+00:00","twitter_card":"summary_large_image","twitter_misc":{"Temps estimat de lectura":"1 minut"},"schema":{"@context":"https:\/\/schema.org","@graph":[{"@type":["WebPage","ContactPage"],"@id":"https:\/\/ecix.tech\/contacta\/","url":"https:\/\/ecix.tech\/contacta\/","name":"Contacta - ECIX TECH","isPartOf":{"@id":"https:\/\/pl.nextlgsdp.com\/es\/#website"},"datePublished":"2020-12-14T13:56:06+00:00","dateModified":"2026-02-12T10:33:59+00:00","description":"Contacta amb Ecix Tech a les nostres oficines de Madrid i Barcelona, a trav\u00e9s del nostre correu electr\u00f2nic o el nostre tel\u00e8fon","breadcrumb":{"@id":"https:\/\/ecix.tech\/contacta\/#breadcrumb"},"inLanguage":"ca","potentialAction":[{"@type":"ReadAction","target":["https:\/\/ecix.tech\/contacta\/"]}]},{"@type":"BreadcrumbList","@id":"https:\/\/ecix.tech\/contacta\/#breadcrumb","itemListElement":[{"@type":"ListItem","position":1,"name":"Home","item":"https:\/\/54.247.110.102\/es\/"},{"@type":"ListItem","position":2,"name":"Contacta"}]},{"@type":"WebSite","@id":"https:\/\/pl.nextlgsdp.com\/es\/#website","url":"https:\/\/pl.nextlgsdp.com\/es\/","name":"ECIX TECH","description":"Serveis i solucions per al compliment normatiu","publisher":{"@id":"https:\/\/pl.nextlgsdp.com\/es\/#organization"},"potentialAction":[{"@type":"SearchAction","target":{"@type":"EntryPoint","urlTemplate":"https:\/\/pl.nextlgsdp.com\/es\/?s={search_term_string}"},"query-input":{"@type":"PropertyValueSpecification","valueRequired":true,"valueName":"search_term_string"}}],"inLanguage":"ca"},{"@type":"Organization","@id":"https:\/\/pl.nextlgsdp.com\/es\/#organization","name":"ECIX TECH","url":"https:\/\/pl.nextlgsdp.com\/es\/","logo":{"@type":"ImageObject","inLanguage":"ca","@id":"https:\/\/pl.nextlgsdp.com\/es\/#\/schema\/logo\/image\/","url":"https:\/\/ecix.tech\/wp-content\/uploads\/2025\/07\/Ecixtech-scaled.png","contentUrl":"https:\/\/ecix.tech\/wp-content\/uploads\/2025\/07\/Ecixtech-scaled.png","width":2560,"height":677,"caption":"ECIX TECH"},"image":{"@id":"https:\/\/pl.nextlgsdp.com\/es\/#\/schema\/logo\/image\/"}}]}},"_links":{"self":[{"href":"https:\/\/ecix.tech\/ca\/wp-json\/wp\/v2\/pages\/9002","targetHints":{"allow":["GET"]}}],"collection":[{"href":"https:\/\/ecix.tech\/ca\/wp-json\/wp\/v2\/pages"}],"about":[{"href":"https:\/\/ecix.tech\/ca\/wp-json\/wp\/v2\/types\/page"}],"author":[{"embeddable":true,"href":"https:\/\/ecix.tech\/ca\/wp-json\/wp\/v2\/users\/2"}],"replies":[{"embeddable":true,"href":"https:\/\/ecix.tech\/ca\/wp-json\/wp\/v2\/comments?post=9002"}],"version-history":[{"count":133,"href":"https:\/\/ecix.tech\/ca\/wp-json\/wp\/v2\/pages\/9002\/revisions"}],"predecessor-version":[{"id":32756,"href":"https:\/\/ecix.tech\/ca\/wp-json\/wp\/v2\/pages\/9002\/revisions\/32756"}],"wp:attachment":[{"href":"https:\/\/ecix.tech\/ca\/wp-json\/wp\/v2\/media?parent=9002"}],"curies":[{"name":"wp","href":"https:\/\/api.w.org\/{rel}","templated":true}]}}