{"id":81,"date":"2025-07-15T08:43:32","date_gmt":"2025-07-15T08:43:32","guid":{"rendered":"https:\/\/wordpress.ecix.tech\/?page_id=81"},"modified":"2026-01-12T12:44:54","modified_gmt":"2026-01-12T11:44:54","slug":"politica-de-qualitat","status":"publish","type":"page","link":"https:\/\/ecix.tech\/ca\/politica-de-qualitat\/","title":{"rendered":"Pol\u00edtica de qualitat"},"content":{"rendered":"<div data-elementor-type=\"wp-page\" data-elementor-id=\"81\" class=\"elementor elementor-81\" data-elementor-post-type=\"page\">\n\t\t\t\t\t\t<section class=\"elementor-section elementor-top-section elementor-element elementor-element-2e75eafa elementor-section-height-min-height elementor-section-boxed elementor-section-height-default elementor-section-items-middle\" data-id=\"2e75eafa\" data-element_type=\"section\" data-e-type=\"section\" data-settings=\"{&quot;background_background&quot;:&quot;classic&quot;}\">\n\t\t\t\t\t\t\t<div class=\"elementor-background-overlay\"><\/div>\n\t\t\t\t\t\t\t<div class=\"elementor-container elementor-column-gap-default\">\n\t\t\t\t\t<div data-custom-animations=\"true\" data-ca-options=\"{&quot;addChildTimelines&quot;:false,&quot;trigger&quot;:&quot;firstChild&quot;,&quot;animationTarget&quot;:&quot;:scope &gt; .elementor-widget-wrap &gt; .elementor-element &gt; .elementor-widget-container, :scope &gt; .elementor-widget-wrap &gt; .elementor-section &gt; .elementor-container &gt; .elementor-column &gt; .elementor-widget-wrap &gt; .elementor-element:not(.lqd-el-has-inner-anim) &gt; .elementor-widget-container, :scope &gt; .elementor-widget-wrap &gt; .elementor-widget-hub_fancy_heading .lqd-split-lines .lqd-lines .split-inner, :scope &gt; .elementor-widget-wrap &gt; .elementor-widget-hub_fancy_heading .lqd-split-words .lqd-words .split-inner, :scope &gt; .elementor-widget-wrap &gt; .elementor-widget-hub_fancy_heading .lqd-split-chars .lqd-chars .split-inner, :scope &gt; .elementor-widget-wrap &gt; .elementor-widget-ld_custom_menu .lqd-fancy-menu &gt; ul &gt; li&quot;,&quot;ease&quot;:[&quot;power4.out&quot;],&quot;initValues&quot;:{&quot;y&quot;:&quot;70px&quot;,&quot;opacity&quot;:0,&quot;transformOrigin&quot;:&quot;50% 50% 0px&quot;},&quot;animations&quot;:{&quot;y&quot;:&quot;0px&quot;,&quot;opacity&quot;:1,&quot;transformOrigin&quot;:&quot;50% 50% 0px&quot;}}\" class=\"elementor-column elementor-col-100 elementor-top-column elementor-element elementor-element-270880b9\" data-id=\"270880b9\" data-element_type=\"column\" data-e-type=\"column\">\n\t\t\t<div class=\"elementor-widget-wrap elementor-element-populated\">\n\t\t\t\t\t\t<div data-custom-animations=\"true\" data-ca-options=\"{&quot;addChildTimelines&quot;:false,&quot;trigger&quot;:&quot;firstChild&quot;,&quot;animationTarget&quot;:&quot;:scope &gt; .elementor-widget-container&quot;,&quot;duration&quot;:1800,&quot;delay&quot;:180,&quot;ease&quot;:[&quot;power4.out&quot;],&quot;initValues&quot;:{&quot;y&quot;:&quot;50px&quot;,&quot;opacity&quot;:0,&quot;transformOrigin&quot;:&quot;50% 50% 0px&quot;},&quot;animations&quot;:{&quot;y&quot;:&quot;0px&quot;,&quot;opacity&quot;:1,&quot;transformOrigin&quot;:&quot;50% 50% 0px&quot;}}\" class=\"elementor-element elementor-element-73eff2fb elementor-widget__width-inherit elementor-widget elementor-widget-hub_fancy_heading\" data-id=\"73eff2fb\" data-element_type=\"widget\" data-e-type=\"widget\" data-widget_type=\"hub_fancy_heading.default\">\n\t\t\t\t<div class=\"elementor-widget-container\">\n\t\t\t\t\t\n\t\t<div id=\"ld-fancy-heading-69db04587e435\" class=\"ld-fancy-heading pos-rel\">\n\t\t\t<h6 class=\"ld-fh-element d-inline-block pos-rel  elementor-heading-title ws-nowrap lqd-highlight-classic lqd-highlight-grow-left h6\"  > Pol\u00edtica de qualitat<\/h6>\t\t<\/div>\n\n\t\t\t\t\t\t<\/div>\n\t\t\t\t<\/div>\n\t\t\t\t\t<\/div>\n\t\t<\/div>\n\t\t\t\t\t<\/div>\n\t\t<\/section>\n\t\t<div class=\"elementor-element elementor-element-562b3d00 e-flex e-con-boxed e-con e-parent\" data-id=\"562b3d00\" data-element_type=\"container\" data-e-type=\"container\">\n\t\t\t\t\t<div class=\"e-con-inner\">\n\t\t\t\t<div class=\"elementor-element elementor-element-64a3d5b3 elementor-widget elementor-widget-text-editor\" data-id=\"64a3d5b3\" data-element_type=\"widget\" data-e-type=\"widget\" data-widget_type=\"text-editor.default\">\n\t\t\t\t\t\t\t\t\t\n<h4><span style=\"color: #294a2e;\">\u00a0<strong>1.\u00a0\u00a0\u00a0\u00a0<\/strong><strong>OBJECTE<\/strong><\/span><\/h4>\n\n<p>La Direcci\u00f3 de\u00a0<strong>ECIX GROUP<\/strong>, (d&#039;ara endavant\u00a0<strong>ECIX<\/strong>) considera la Qualitat un aspecte fonamental del negoci, per la qual cosa manifesta la seva determinaci\u00f3 a assolir, mantenir i millorar els nivells de gesti\u00f3 necessaris que garanteixin la correcta prestaci\u00f3 del servei als nostres clients, una gesti\u00f3 interna efica\u00e7 i un funcionament correcte del negoci.<\/p>\n\n<p>L&#039;objecte d&#039;aquest document anomenat\u00a0<em>Pol\u00edtica de Qualitat\u00a0<\/em>\u00e9s proporcionar les directrius b\u00e0siques per garantir la millora de la qualitat dels serveis que\u00a0<strong>ECIX\u00a0<\/strong>ofereix als seus clients i en la millora dels propis processos de l&#039;organitzaci\u00f3, aix\u00ed com mostrar la declaraci\u00f3 d&#039;intencions del Comit\u00e8 de Direcci\u00f3 sobre la gesti\u00f3 de la qualitat a la companyia.<\/p>\n\n<h4 class=\"wp-block-heading\"><span style=\"color: #294a2e;\"><strong>2.\u00a0\u00a0\u00a0\u00a0<\/strong><strong>ABAST<\/strong><\/span><\/h4>\n\n<p>Pel seu car\u00e0cter de pol\u00edtica general \u00e9s de compliment i coneixement obligat per part de totes les \u00e0rees i departaments de\u00a0<strong>ECIX\u00a0<\/strong>objecte de l&#039;abast del SGC, tant en les relacions internes com amb altres organitzacions. La pol\u00edtica abra\u00e7a tots els processos i les activitats implicades a l&#039;abast de l&#039;SGC.<\/p>\n\n<h4 class=\"wp-block-heading\"><span style=\"color: #294a2e;\"><strong>3.\u00a0\u00a0\u00a0\u00a0<\/strong><strong>RESPONSABILITATS<\/strong><\/span><\/h4>\n\n<p>La funci\u00f3 de gesti\u00f3 de la Qualitat recau en el Responsable dels Sistemes de Gesti\u00f3 de\u00a0<strong>ECIX\u00a0<\/strong>i en darrera inst\u00e0ncia del Comit\u00e8 de Seguretat, que s&#039;encarreguen de formular les directrius i principis b\u00e0sics de gesti\u00f3 i desenvolupament de negoci i de vetllar pel compliment del present document.<\/p>\n\n<h4 class=\"wp-block-heading\"><span style=\"color: #294a2e;\"><strong>4.\u00a0\u00a0\u00a0\u00a0<\/strong><strong>DOCUMENTS RELACIONATS<\/strong><\/span><\/h4>\n\n<figure class=\"wp-block-table\">\n<table class=\"has-fixed-layout\">\n<tbody>\n<tr>\n<td><strong>Codi<\/strong><\/td>\n<td><strong>T\u00edtol<\/strong><\/td>\n<\/tr>\n<tr>\n<td>No apliquen<\/td>\n<td>Codi de conducta d&#039;ECIX Group<\/td>\n<\/tr>\n<\/tbody>\n<\/table>\n<\/figure>\n\n<h4 class=\"wp-block-heading\"><span style=\"color: #294a2e;\"><strong>5.\u00a0\u00a0\u00a0\u00a0<\/strong><strong>DESENVOLUPAMENT<\/strong><\/span><\/h4>\n\n<p><strong>ECIX\u00a0<\/strong>\u00e9s una companyia que ofereix serveis especialitzats en<strong>\u00a0Compliance, Privadesa i Seguretat de la Informaci\u00f3<\/strong>. Ens caracteritza la multidisciplinarietat at\u00e8s que som una signatura que fusiona les Matem\u00e0tiques i el Dret, qualitat que aconseguim gr\u00e0cies al fet que els nostres professionals es componen per advocats, inform\u00e0tics, analistes de Riscos i Consultors de negoci.<\/p>\n\n<p>Som una Firma que creu fermament en la innovaci\u00f3 tecnol\u00f2gica com a forma de creixement, per aix\u00f2 desenvolupem les nostres pr\u00f2pies aplicacions inform\u00e0tiques com a part dels serveis que prestats.<\/p>\n\n<p>Els nostres projectes de\u00a0<strong>Compliance, Privadesa, i Seguretat de la Informaci\u00f3<\/strong>\u00a0estan orientats a oferir un assessorament integral continuat, intervenint en complexos projectes en aquest \u00e0mbit en moltes de les empreses del\u00a0<strong>IBEX 35<\/strong>\u00a0i promovent en tot cas i des d\u00b4una visi\u00f3 pr\u00e0ctica la consideraci\u00f3 de les necessitats dels nostres clients.<\/p>\n\n<p>Aquest document s&#039;estableix en compliment del nostre codi \u00e8tic i de conducta el qual estableix 3 pilars b\u00e0sics com a valors de la companyia:<\/p>\n\n<ul class=\"wp-block-list\">\n<li>Integritat: Que suposa fer all\u00f2 correcte. Actuar amb integritat, reflectint positivament la nostra reputaci\u00f3 i refor\u00e7ant la nostra manera de fer les coses.<\/li>\n\n<li>Responsabilitat (Que vol dir actuar dins de la legalitat): la Companyia, la direcci\u00f3 i els col\u00b7laboradors han de garantir que s&#039;exclogui tota possibilitat d&#039;infracci\u00f3 de la Llei.<\/li>\n\n<li>Qualitat: Que vol dir fer els negocis \u00abb\u00e9\u00bb, volent assolir l&#039;\u00e8xit treballant amb qualitat i superant els est\u00e0ndards mitjans que regeixen el nostre sector.<\/li>\n<\/ul>\n\n<p>Tots aquests valors i aspectes estan interconnectats, i conformen la nostra reputaci\u00f3. Per aquest motiu tot el personal de\u00a0<strong>ECIX\u00a0<\/strong>est\u00e0 subjecte als valors esmentats anteriorment.<\/p>\n\n<p>A m\u00e9s, el Comit\u00e8 de Seguretat, conscient de la import\u00e0ncia d&#039;aquest comprom\u00eds amb la qualitat i la satisfacci\u00f3 dels nostres clients, estableix els principis seg\u00fcents d&#039;acord amb l&#039;est\u00e0ndard UNE-EN-ISO 9001:2015:<\/p>\n\n<ul class=\"wp-block-list\">\n<li><strong>Complir<\/strong>\u00a0amb els\u00a0<strong>requisits pactats<\/strong>\u00a0i\u00a0<strong>oferts<\/strong>\u00a0als nostres\u00a0<strong>clients<\/strong>, dissenyant plans a mesura que puguin satisfer les vostres necessitats i superar les vostres expectatives.<\/li>\n\n<li><strong>Mesurar<\/strong>\u00a0la\u00a0<strong>percepci\u00f3 dels nostres clients<\/strong>\u00a0sobre els\u00a0<strong>serveis prestats<\/strong>\u00a0per determinar els canvis necessaris que n&#039;assegurin la satisfacci\u00f3, aix\u00ed com detectar noves necessitats de mercat per desenvolupar nous serveis que cobreixin les necessitats futures dels nostres clients.<\/li>\n\n<li><strong>Vetllar pel compliment normatiu<\/strong>, assegurant el\u00a0<strong>compliment<\/strong>\u00a0dels\u00a0<strong>requisits legals<\/strong>\u00a0recollits en el marc jur\u00eddic d&#039;aplicaci\u00f3 a la companyia i els requisits fixats pels est\u00e0ndards, normatives i bones pr\u00e0ctiques que adopti la companyia.<\/li>\n\n<li><strong>Establir<\/strong>\u00a0els\u00a0<strong>processos<\/strong>\u00a0que siguin necessaris\u00a0<strong>per assegurar<\/strong>\u00a0la correcta\u00a0<strong>prestaci\u00f3 del servei<\/strong>\u00a0als nostres clients i mantenir l\u02bbefic\u00e0cia en la gesti\u00f3 interna de la companyia.<\/li>\n\n<li><strong>Mantenir alineat<\/strong>\u00a0el\u00a0<strong>Sistema de gesti\u00f3<\/strong>\u00a0amb la\u00a0<strong>estrat\u00e8gia i necessitats del negoci<\/strong>, establint objectius de qualitat, mesurables, assolibles, amb l&#039;ambici\u00f3 de millorar i evolucionar el sistema de gesti\u00f3, planificats en el temps i dirigits a un fi concret (espec\u00edfics).<\/li>\n\n<li><strong>Fomentar<\/strong>\u00a0el\u00a0<strong>ocupaci\u00f3 de qualitat<\/strong>, mantenint al\u00a0<strong>personal format<\/strong>\u00a0d&#039;acord amb les vicissituds del mercat, de manera que es\u00a0<strong>assegurin les compet\u00e8ncies necess\u00e0ries<\/strong>\u00a0per a la correcta\u00a0<strong>prestaci\u00f3 del servei.<\/strong><\/li>\n\n<li>Fer entendre al personal, la import\u00e0ncia de complir amb aquesta pol\u00edtica i la resta de les pol\u00edtiques i normes de la companyia, aix\u00ed com les conseq\u00fc\u00e8ncies i els resultats de no fer-ho, per al Sistema de Gesti\u00f3 i el funcionament de la companyia.<\/li>\n\n<li>Vetllar pel compliment d&#039;aquesta pol\u00edtica, aix\u00ed com la resta de pol\u00edtiques i normes en les relacions amb tercers.<\/li>\n<\/ul>\n\n<h4 class=\"wp-block-heading\"><span style=\"color: #294a2e;\"><strong>6. VIG\u00c8NCIA<\/strong><\/span><\/h4>\n\n<p>La Pol\u00edtica de Qualitat entrar\u00e0 en vigor des del mateix dia de la publicaci\u00f3. Haur\u00e0 de ser revisada almenys una vegada a l&#039;any (coincidint amb la revisi\u00f3 del sistema per la Direcci\u00f3) i\/o en el cas de modificacions o actualitzacions de\u00a0<strong>ECIX<\/strong>\u00a0o del negoci que aix\u00ed ho justifiquin.<\/p>\n\n<p>Data d&#039;actualitzaci\u00f3 12 de gener del 2026.<\/p>\n\n<p>\u00a0<\/p>\n\t\t\t\t\t\t\t\t<\/div>\n\t\t\t\t\t<\/div>\n\t\t\t\t<\/div>\n\t\t\t\t<\/div>","protected":false},"excerpt":{"rendered":"<p>Pol\u00edtica de qualitat 1. OBJECTE La Direcci\u00f3 d&#039;ECIX GROUP, (d&#039;ara endavant ECIX) considera la Qualitat un aspecte fonamental del negoci, per la qual cosa manifesta la seva determinaci\u00f3 en assolir, mantenir i millorar els nivells de gesti\u00f3 necessaris que garanteixin la correcta prestaci\u00f3 del servei als nostres clients, una gesti\u00f3 interna efica\u00e7 i un funcionament correcte del negoci. El [\u2026]<\/p>","protected":false},"author":2,"featured_media":0,"parent":0,"menu_order":0,"comment_status":"closed","ping_status":"closed","template":"","meta":{"footnotes":""},"class_list":["post-81","page","type-page","status-publish","hentry"],"yoast_head":"<!-- This site is optimized with the Yoast SEO plugin v26.4 - https:\/\/yoast.com\/wordpress\/plugins\/seo\/ -->\n<title>Pol\u00edtica de calidad - ECIX TECH<\/title>\n<meta name=\"robots\" content=\"index, follow, max-snippet:-1, max-image-preview:large, max-video-preview:-1\" \/>\n<link rel=\"canonical\" href=\"https:\/\/ecix.tech\/ca\/politica-de-qualitat\/\" \/>\n<meta property=\"og:locale\" content=\"ca_ES\" \/>\n<meta property=\"og:type\" content=\"article\" \/>\n<meta property=\"og:title\" content=\"Pol\u00edtica de calidad - ECIX TECH\" \/>\n<meta property=\"og:description\" content=\"Pol\u00edtica de calidad \u00a01.\u00a0\u00a0\u00a0\u00a0OBJETO La Direcci\u00f3n de\u00a0ECIX GROUP, (en adelante\u00a0ECIX) considera la Calidad un aspecto fundamental del negocio, por lo que manifiesta su determinaci\u00f3n en alcanzar, mantener y mejorar los niveles de gesti\u00f3n necesarios que garanticen la correcta prestaci\u00f3n del servicio a nuestros clientes, una gesti\u00f3n interna eficaz y un correcto funcionamiento del negocio. El [&hellip;]\" \/>\n<meta property=\"og:url\" content=\"https:\/\/ecix.tech\/ca\/politica-de-qualitat\/\" \/>\n<meta property=\"og:site_name\" content=\"ECIX TECH\" \/>\n<meta property=\"article:modified_time\" content=\"2026-01-12T11:44:54+00:00\" \/>\n<meta name=\"twitter:card\" content=\"summary_large_image\" \/>\n<script type=\"application\/ld+json\" class=\"yoast-schema-graph\">{\"@context\":\"https:\/\/schema.org\",\"@graph\":[{\"@type\":\"WebPage\",\"@id\":\"https:\/\/ecix.tech\/ca\/politica-de-qualitat\/\",\"url\":\"https:\/\/ecix.tech\/ca\/politica-de-qualitat\/\",\"name\":\"Pol\u00edtica de calidad - ECIX TECH\",\"isPartOf\":{\"@id\":\"https:\/\/pl.nextlgsdp.com\/es\/#website\"},\"datePublished\":\"2025-07-15T08:43:32+00:00\",\"dateModified\":\"2026-01-12T11:44:54+00:00\",\"breadcrumb\":{\"@id\":\"https:\/\/ecix.tech\/ca\/politica-de-qualitat\/#breadcrumb\"},\"inLanguage\":\"ca\",\"potentialAction\":[{\"@type\":\"ReadAction\",\"target\":[\"https:\/\/ecix.tech\/ca\/politica-de-qualitat\/\"]}]},{\"@type\":\"BreadcrumbList\",\"@id\":\"https:\/\/ecix.tech\/ca\/politica-de-qualitat\/#breadcrumb\",\"itemListElement\":[{\"@type\":\"ListItem\",\"position\":1,\"name\":\"Home\",\"item\":\"https:\/\/54.247.110.102\/es\/\"},{\"@type\":\"ListItem\",\"position\":2,\"name\":\"Pol\u00edtica de calidad\"}]},{\"@type\":\"WebSite\",\"@id\":\"https:\/\/pl.nextlgsdp.com\/es\/#website\",\"url\":\"https:\/\/pl.nextlgsdp.com\/es\/\",\"name\":\"ECIX TECH\",\"description\":\"Servicios y soluciones para el cumplimiento normativo\",\"publisher\":{\"@id\":\"https:\/\/pl.nextlgsdp.com\/es\/#organization\"},\"potentialAction\":[{\"@type\":\"SearchAction\",\"target\":{\"@type\":\"EntryPoint\",\"urlTemplate\":\"https:\/\/pl.nextlgsdp.com\/es\/?s={search_term_string}\"},\"query-input\":{\"@type\":\"PropertyValueSpecification\",\"valueRequired\":true,\"valueName\":\"search_term_string\"}}],\"inLanguage\":\"ca\"},{\"@type\":\"Organization\",\"@id\":\"https:\/\/pl.nextlgsdp.com\/es\/#organization\",\"name\":\"ECIX TECH\",\"url\":\"https:\/\/pl.nextlgsdp.com\/es\/\",\"logo\":{\"@type\":\"ImageObject\",\"inLanguage\":\"ca\",\"@id\":\"https:\/\/pl.nextlgsdp.com\/es\/#\/schema\/logo\/image\/\",\"url\":\"https:\/\/ecix.tech\/wp-content\/uploads\/2025\/07\/Ecixtech-scaled.png\",\"contentUrl\":\"https:\/\/ecix.tech\/wp-content\/uploads\/2025\/07\/Ecixtech-scaled.png\",\"width\":2560,\"height\":677,\"caption\":\"ECIX TECH\"},\"image\":{\"@id\":\"https:\/\/pl.nextlgsdp.com\/es\/#\/schema\/logo\/image\/\"}}]}<\/script>\n<!-- \/ Yoast SEO plugin. -->","yoast_head_json":{"title":"Pol\u00edtica de qualitat - ECIX TECH","robots":{"index":"index","follow":"follow","max-snippet":"max-snippet:-1","max-image-preview":"max-image-preview:large","max-video-preview":"max-video-preview:-1"},"canonical":"https:\/\/ecix.tech\/ca\/politica-de-qualitat\/","og_locale":"ca_ES","og_type":"article","og_title":"Pol\u00edtica de calidad - ECIX TECH","og_description":"Pol\u00edtica de calidad \u00a01.\u00a0\u00a0\u00a0\u00a0OBJETO La Direcci\u00f3n de\u00a0ECIX GROUP, (en adelante\u00a0ECIX) considera la Calidad un aspecto fundamental del negocio, por lo que manifiesta su determinaci\u00f3n en alcanzar, mantener y mejorar los niveles de gesti\u00f3n necesarios que garanticen la correcta prestaci\u00f3n del servicio a nuestros clientes, una gesti\u00f3n interna eficaz y un correcto funcionamiento del negocio. El [&hellip;]","og_url":"https:\/\/ecix.tech\/ca\/politica-de-qualitat\/","og_site_name":"ECIX TECH","article_modified_time":"2026-01-12T11:44:54+00:00","twitter_card":"summary_large_image","schema":{"@context":"https:\/\/schema.org","@graph":[{"@type":"WebPage","@id":"https:\/\/ecix.tech\/ca\/politica-de-qualitat\/","url":"https:\/\/ecix.tech\/ca\/politica-de-qualitat\/","name":"Pol\u00edtica de qualitat - ECIX TECH","isPartOf":{"@id":"https:\/\/pl.nextlgsdp.com\/es\/#website"},"datePublished":"2025-07-15T08:43:32+00:00","dateModified":"2026-01-12T11:44:54+00:00","breadcrumb":{"@id":"https:\/\/ecix.tech\/ca\/politica-de-qualitat\/#breadcrumb"},"inLanguage":"ca","potentialAction":[{"@type":"ReadAction","target":["https:\/\/ecix.tech\/ca\/politica-de-qualitat\/"]}]},{"@type":"BreadcrumbList","@id":"https:\/\/ecix.tech\/ca\/politica-de-qualitat\/#breadcrumb","itemListElement":[{"@type":"ListItem","position":1,"name":"Home","item":"https:\/\/54.247.110.102\/es\/"},{"@type":"ListItem","position":2,"name":"Pol\u00edtica de calidad"}]},{"@type":"WebSite","@id":"https:\/\/pl.nextlgsdp.com\/es\/#website","url":"https:\/\/pl.nextlgsdp.com\/es\/","name":"ECIX TECH","description":"Serveis i solucions per al compliment normatiu","publisher":{"@id":"https:\/\/pl.nextlgsdp.com\/es\/#organization"},"potentialAction":[{"@type":"SearchAction","target":{"@type":"EntryPoint","urlTemplate":"https:\/\/pl.nextlgsdp.com\/es\/?s={search_term_string}"},"query-input":{"@type":"PropertyValueSpecification","valueRequired":true,"valueName":"search_term_string"}}],"inLanguage":"ca"},{"@type":"Organization","@id":"https:\/\/pl.nextlgsdp.com\/es\/#organization","name":"ECIX TECH","url":"https:\/\/pl.nextlgsdp.com\/es\/","logo":{"@type":"ImageObject","inLanguage":"ca","@id":"https:\/\/pl.nextlgsdp.com\/es\/#\/schema\/logo\/image\/","url":"https:\/\/ecix.tech\/wp-content\/uploads\/2025\/07\/Ecixtech-scaled.png","contentUrl":"https:\/\/ecix.tech\/wp-content\/uploads\/2025\/07\/Ecixtech-scaled.png","width":2560,"height":677,"caption":"ECIX TECH"},"image":{"@id":"https:\/\/pl.nextlgsdp.com\/es\/#\/schema\/logo\/image\/"}}]}},"_links":{"self":[{"href":"https:\/\/ecix.tech\/ca\/wp-json\/wp\/v2\/pages\/81","targetHints":{"allow":["GET"]}}],"collection":[{"href":"https:\/\/ecix.tech\/ca\/wp-json\/wp\/v2\/pages"}],"about":[{"href":"https:\/\/ecix.tech\/ca\/wp-json\/wp\/v2\/types\/page"}],"author":[{"embeddable":true,"href":"https:\/\/ecix.tech\/ca\/wp-json\/wp\/v2\/users\/2"}],"replies":[{"embeddable":true,"href":"https:\/\/ecix.tech\/ca\/wp-json\/wp\/v2\/comments?post=81"}],"version-history":[{"count":26,"href":"https:\/\/ecix.tech\/ca\/wp-json\/wp\/v2\/pages\/81\/revisions"}],"predecessor-version":[{"id":32408,"href":"https:\/\/ecix.tech\/ca\/wp-json\/wp\/v2\/pages\/81\/revisions\/32408"}],"wp:attachment":[{"href":"https:\/\/ecix.tech\/ca\/wp-json\/wp\/v2\/media?parent=81"}],"curies":[{"name":"wp","href":"https:\/\/api.w.org\/{rel}","templated":true}]}}