{"id":16160,"date":"2025-08-22T07:08:22","date_gmt":"2025-08-22T07:08:22","guid":{"rendered":"https:\/\/wordpress.ecix.tech\/?page_id=16160"},"modified":"2025-08-22T07:18:28","modified_gmt":"2025-08-22T07:18:28","slug":"politica-de-proteccio-de-dades-candidates","status":"publish","type":"page","link":"https:\/\/ecix.tech\/ca\/politica-de-proteccio-de-dades-candidates\/","title":{"rendered":"POL\u00cdTICA DE PROTECCI\u00d3 DE DADES \u2013 CANDIDATS"},"content":{"rendered":"<div data-elementor-type=\"wp-page\" data-elementor-id=\"16160\" class=\"elementor elementor-16160\" data-elementor-post-type=\"page\">\n\t\t\t\t\t\t<section class=\"elementor-section elementor-top-section elementor-element elementor-element-7267c883 elementor-section-height-min-height elementor-section-boxed elementor-section-height-default elementor-section-items-middle\" data-id=\"7267c883\" data-element_type=\"section\" data-e-type=\"section\" data-settings=\"{&quot;background_background&quot;:&quot;classic&quot;}\">\n\t\t\t\t\t\t\t<div class=\"elementor-background-overlay\"><\/div>\n\t\t\t\t\t\t\t<div class=\"elementor-container elementor-column-gap-default\">\n\t\t\t\t\t<div data-custom-animations=\"true\" data-ca-options=\"{&quot;addChildTimelines&quot;:false,&quot;trigger&quot;:&quot;firstChild&quot;,&quot;animationTarget&quot;:&quot;:scope &gt; .elementor-widget-wrap &gt; .elementor-element &gt; .elementor-widget-container, :scope &gt; .elementor-widget-wrap &gt; .elementor-section &gt; .elementor-container &gt; .elementor-column &gt; .elementor-widget-wrap &gt; .elementor-element:not(.lqd-el-has-inner-anim) &gt; .elementor-widget-container, :scope &gt; .elementor-widget-wrap &gt; .elementor-widget-hub_fancy_heading .lqd-split-lines .lqd-lines .split-inner, :scope &gt; .elementor-widget-wrap &gt; .elementor-widget-hub_fancy_heading .lqd-split-words .lqd-words .split-inner, :scope &gt; .elementor-widget-wrap &gt; .elementor-widget-hub_fancy_heading .lqd-split-chars .lqd-chars .split-inner, :scope &gt; .elementor-widget-wrap &gt; .elementor-widget-ld_custom_menu .lqd-fancy-menu &gt; ul &gt; li&quot;,&quot;ease&quot;:[&quot;power4.out&quot;],&quot;initValues&quot;:{&quot;y&quot;:&quot;70px&quot;,&quot;opacity&quot;:0,&quot;transformOrigin&quot;:&quot;50% 50% 0px&quot;},&quot;animations&quot;:{&quot;y&quot;:&quot;0px&quot;,&quot;opacity&quot;:1,&quot;transformOrigin&quot;:&quot;50% 50% 0px&quot;}}\" class=\"elementor-column elementor-col-100 elementor-top-column elementor-element elementor-element-5127ab2b\" data-id=\"5127ab2b\" data-element_type=\"column\" data-e-type=\"column\">\n\t\t\t<div class=\"elementor-widget-wrap elementor-element-populated\">\n\t\t\t\t\t\t<div data-custom-animations=\"true\" data-ca-options=\"{&quot;addChildTimelines&quot;:false,&quot;trigger&quot;:&quot;firstChild&quot;,&quot;animationTarget&quot;:&quot;:scope &gt; .elementor-widget-container&quot;,&quot;duration&quot;:1800,&quot;delay&quot;:180,&quot;ease&quot;:[&quot;power4.out&quot;],&quot;initValues&quot;:{&quot;y&quot;:&quot;50px&quot;,&quot;opacity&quot;:0,&quot;transformOrigin&quot;:&quot;50% 50% 0px&quot;},&quot;animations&quot;:{&quot;y&quot;:&quot;0px&quot;,&quot;opacity&quot;:1,&quot;transformOrigin&quot;:&quot;50% 50% 0px&quot;}}\" class=\"elementor-element elementor-element-414e5641 elementor-widget__width-initial elementor-widget-mobile__width-inherit elementor-widget elementor-widget-hub_fancy_heading\" data-id=\"414e5641\" data-element_type=\"widget\" data-e-type=\"widget\" data-widget_type=\"hub_fancy_heading.default\">\n\t\t\t\t<div class=\"elementor-widget-container\">\n\t\t\t\t\t\n\t\t<div id=\"ld-fancy-heading-69d7e7d11315b\" class=\"ld-fancy-heading pos-rel\">\n\t\t\t<h6 class=\"ld-fh-element d-inline-block pos-rel  elementor-heading-title ws-nowrap lqd-highlight-classic lqd-highlight-grow-left h6\"  > POL\u00cdTICA DE PROTECCI\u00d3 <br>DE DADES \u2013 CANDIDATES<\/h6>\t\t<\/div>\n\n\t\t\t\t\t\t<\/div>\n\t\t\t\t<\/div>\n\t\t\t\t\t<\/div>\n\t\t<\/div>\n\t\t\t\t\t<\/div>\n\t\t<\/section>\n\t\t<div class=\"elementor-element elementor-element-3d90eabd e-flex e-con-boxed e-con e-parent\" data-id=\"3d90eabd\" data-element_type=\"container\" data-e-type=\"container\">\n\t\t\t\t\t<div class=\"e-con-inner\">\n\t\t\t\t<div class=\"elementor-element elementor-element-4be5961a elementor-widget elementor-widget-text-editor\" data-id=\"4be5961a\" data-element_type=\"widget\" data-e-type=\"widget\" data-widget_type=\"text-editor.default\">\n\t\t\t\t\t\t\t\t\t\n<h4><strong>1. Responsable del tractament<\/strong><\/h4>\n\n<p>El responsable del tractament de les teves dades personals \u00e9s la societat ECIX GROUP, SL, amb domicili al Carrer Lagasca, 88, 7a Planta, 28001, Madrid i NIF B-82550401 (d&#039;ara endavant, \u201c<strong>ECIX<\/strong>\u201d).<\/p>\n\n<p><strong>ECIX<\/strong> est\u00e0 plenament comprom\u00e8s amb el compliment de la normativa vigent en mat\u00e8ria de protecci\u00f3 de dades i, per aix\u00f2, ha designat un Delegat de Protecci\u00f3 de Dades, amb el qual pots contactar a trav\u00e9s del correu electr\u00f2nic <a href=\"mailto:privacidad@ecix.tech\">privadesa@ecix.tech<\/a><\/p>\n<h4><strong>2. Finalitats, dades tractades i base de legitimaci\u00f3<\/strong><\/h4>\n\n<p><strong><u>Finalitat 1: <\/u><\/strong><strong><u>Gesti\u00f3 de la teva candidatura per a un proc\u00e9s de selecci\u00f3 obert<\/u><\/strong><\/p>\n\n<ul class=\"wp-block-list\">\n<li><strong>Descripci\u00f3 de la finalitat:<\/strong> Tractarem les teves dades amb l&#039;objectiu de poder gestionar la teva candidatura i desenvolupar el proc\u00e9s de selecci\u00f3 al qual hagis aplicat, cosa que implica l&#039;an\u00e0lisi del teu perfil professional a trav\u00e9s de la informaci\u00f3 continguda al teu CV i la informaci\u00f3 generada durant el desenvolupament del proc\u00e9s de selecci\u00f3 a trav\u00e9s d&#039;entrevistes, din\u00e0miques de grup i\/o comunicacions intercanviades amb tu.<\/li>\n<\/ul>\n\n<p>Tamb\u00e9 podrem tractar les teves dades de contacte per comunicar-nos amb tu durant el proc\u00e9s, remetre&#039;t informaci\u00f3 sobre el teu aven\u00e7, sol\u00b7licitar-te m\u00e9s informaci\u00f3 sobre el teu perfil i, si escau, fer-te una oferta de feina.<\/p>\n\n<ul class=\"wp-block-list\">\n<li><strong>Dades tractades<\/strong>: Identificatius i de contacte (DNI, NIE o document equivalent, nom, cognoms, tel\u00e8fon, email); dades acad\u00e8miques (t\u00edtols oficials, certificats, etc.); detalls de feina (experi\u00e8ncia laboral, lloc de treball, etc.); i altres dades que decideixis compartir amb <strong>ECIX<\/strong> a trav\u00e9s de l&#039;enviament del teu CV i els que es puguin generar durant el proc\u00e9s de selecci\u00f3.<\/li>\n<\/ul>\n\n<ul class=\"wp-block-list\">\n<li><strong>Base de legitimaci\u00f3: <\/strong>La base de legitimaci\u00f3 per al tractament de les vostres dades \u00e9s l&#039;aplicaci\u00f3 de mesures precontractuals d&#039;acord amb la vostra inscripci\u00f3 a l&#039;oferta d&#039;ocupaci\u00f3.<\/li>\n<\/ul>\n\n<p><strong><u>Finalitat 2: <\/u><\/strong><strong><u>Conservaci\u00f3 de les dades per a nous processos de selecci\u00f3<\/u><\/strong><\/p>\n\n<ul class=\"wp-block-list\">\n<li><strong>Descripci\u00f3 de la finalitat: <\/strong>Un cop finalitzat el proc\u00e9s de selecci\u00f3, si la persona candidata no \u00e9s contractada, es procedir\u00e0 a la supressi\u00f3 de les dades personals. Aix\u00f2 no obstant, si presta el seu consentiment, <strong>ECIX<\/strong> conservar\u00e0 les dades per a la valoraci\u00f3 del perfil en nous processos de selecci\u00f3.<\/li>\n<\/ul>\n\n<ul class=\"wp-block-list\">\n<li><strong>Dades tractades: <\/strong>Identificatius i de contacte (DNI, NIE o document equivalent, nom, cognoms, tel\u00e8fon, email); dades acad\u00e8miques (t\u00edtols oficials, certificats, etc.); detalls de feina (experi\u00e8ncia laboral, lloc de treball, etc.); i altres dades que decideixis compartir amb <strong>ECIX<\/strong> a trav\u00e9s de l&#039;enviament del teu CV i els que es puguin generar durant el proc\u00e9s de selecci\u00f3.<\/li>\n<\/ul>\n\n<ul class=\"wp-block-list\">\n<li><strong>Base de legitimaci\u00f3: <\/strong>La base de legitimaci\u00f3 del tractament \u00e9s el consentiment de l&#039;interessat, que podr\u00e0 revocar en qualsevol moment escrivint un correu a <a href=\"mailto:privacidad@ecix.tech\">privadesa@ecix.tech<\/a>.\u00a0<\/li>\n<\/ul>\n\n<ul class=\"wp-block-list\"><\/ul>\n\n<h4><strong>3. Comunicaci\u00f3 de les teves dades i transfer\u00e8ncies internacionals<\/strong><\/h4>\n<p>Les vostres dades personals no seran comunicades a tercers, llevat que siguin requerides per l&#039;Administraci\u00f3 P\u00fablica, Jutges i Tribunals o altres autoritats en l&#039;exercici de les seves funcions. Tot i aix\u00f2, t&#039;informem que les dades personals podran ser accessibles per prove\u00efdors de <strong>ECIX<\/strong> en la seva condici\u00f3 d&#039;encarregats del tractament, sempre sota les instruccions de <strong>ECIX<\/strong>.<\/p>\n\n<p>No es preveu fer transfer\u00e8ncies internacionals. Aix\u00f2 no obstant, en cas que es puguin produir, nom\u00e9s es duran a terme complint amb les garanties que a aquest efecte exigeix la normativa vigent de protecci\u00f3 de dades i, concretament, d&#039;acord amb el que disposa el Cap\u00edtol V del Reglament (UE) 2016\/679, General de Protecci\u00f3 de Dades.<\/p>\n<h4><strong>4. Conservaci\u00f3 de les teves dades<\/strong><\/h4>\n\n<p>Un cop concl\u00f2s el proc\u00e9s de selecci\u00f3, si la persona candidata no \u00e9s contractada es procedir\u00e0 a la supressi\u00f3 de les dades personals, llevat que presti el seu consentiment perqu\u00e8 les dades siguin conservades per al seu tractament en nous processos de selecci\u00f3 de <strong>ECIX<\/strong>. En cas que la persona candidata presti el consentiment, les dades seran conservades per un per\u00edode m\u00e0xim d&#039;un any.<\/p>\n\n<p>Una vegada suprimides les dades personals, es procedir\u00e0 al bloqueig per a \u00fanicament ser posades a disposici\u00f3 de les autoritats pertinents en cas de requeriments d&#039;informaci\u00f3 i, un cop transcorregut els terminis legals de prescripci\u00f3 d&#039;accions que siguin aplicables, les dades personals seran esborrades materialment.<\/p>\n<h4><strong>5. Drets<\/strong><\/h4>\n\n<p>En la mesura que estiguin reconeguts a la normativa de protecci\u00f3 de dades aplicable a cada moment, podr\u00e0s exercir els seg\u00fcents drets en relaci\u00f3 amb el tractament de les teves dades:<\/p>\n\n<ol class=\"wp-block-list\" style=\"list-style-type: lower-alpha;\">\n<li><strong>Dret d&#039;acc\u00e9s<\/strong>: si exerceixes aquest dret, podr\u00e0s con\u00e8ixer quin tipus de dades estem tractant i les caracter\u00edstiques del tractament que estem duent a terme.<\/li>\n\n<li><strong>Dret de rectificaci\u00f3<\/strong>: si exerceixes aquest dret, podr\u00e0s sol\u00b7licitar la modificaci\u00f3 de les teves dades per ser inexactes o no vera\u00e7os.<\/li>\n\n<li><strong>Dret de portabilitat<\/strong>: si exerceixes aquest dret, podr\u00e0s obtenir una c\u00f2pia en un format interoperable de les dades que estiguin sent tractades.<\/li>\n\n<li><strong>Dret a la limitaci\u00f3 en el tractament de dades<\/strong>: si exerceixes aquest dret, podr\u00e0s limitar el tractament de les seves dades en els casos recollits a la Llei.<\/li>\n\n<li><strong>Dret d&#039;oposici\u00f3<\/strong>: si exerceixes aquest dret, podr\u00e0s oposar-te al tractament de les teves dades.<\/li>\n\n<li><strong>Dret de supressi\u00f3<\/strong>: si exerceixes aquest dret, podr\u00e0s sol\u00b7licitar la supressi\u00f3 de les teves dades quan el tractament ja no sigui necessari.<\/li>\n\n<li><strong>Dret a revocar el consentiment prestat<\/strong>, si escau.<\/li>\n<\/ol>\n\n<p>Pots exercitar aquests drets a trav\u00e9s d&#039;algun dels canals seg\u00fcents, indicant el dret a exercitar i acompanyant qualsevol altra documentaci\u00f3 que consideris oportuna: (i) adre\u00e7a Postal: Carrer de Lagasca, 88, 7a Planta, 28001, Madrid o (ii) correu electr\u00f2nic: <a href=\"mailto:privacidad@ecix.tech\">privadesa@ecix.tech<\/a>\u00a0<\/p>\n\n<p>Aix\u00ed mateix, tens dret a interposar una reclamaci\u00f3 davant de l&#039;autoritat de control (a Espanya, l&#039;AEPD), <a href=\"http:\/\/www.aepd.es\">www.aepd.es<\/a>, en cas que entenguis vulnerats els teus drets en mat\u00e8ria de protecci\u00f3 de dades. No obstant aix\u00f2, en primera inst\u00e0ncia, podr\u00e0s presentar una reclamaci\u00f3 davant del Delegat de Protecci\u00f3 de Dades a trav\u00e9s de <a href=\"mailto:privacidad@ecix.tech\">privadesa@ecix.tech<\/a>, qui resoldr\u00e0 la reclamaci\u00f3 en el termini m\u00e0xim de dos mesos.<\/p>\n\t\t\t\t\t\t\t\t<\/div>\n\t\t\t\t\t<\/div>\n\t\t\t\t<\/div>\n\t\t\t\t<\/div>","protected":false},"excerpt":{"rendered":"<p>POL\u00cdTICA DE PROTECCI\u00d3 DE DADES \u2013 CANDIDADES 1. Responsable del tractament El responsable del tractament de les teves dades personals \u00e9s la societat ECIX GROUP, SL, amb domicili al Carrer Lagasca, 88, 7a Planta, 28001, Madrid i NIF B-82550401 (d&#039;ara endavant, \u201cECIX\u201d. ECIX est\u00e0 plenament comprom\u00e8s amb el compliment de la normativa vigent en mat\u00e8ria [\u2026]<\/p>","protected":false},"author":2,"featured_media":0,"parent":0,"menu_order":0,"comment_status":"closed","ping_status":"closed","template":"","meta":{"footnotes":""},"class_list":["post-16160","page","type-page","status-publish","hentry"],"yoast_head":"<!-- This site is optimized with the Yoast SEO plugin v26.4 - https:\/\/yoast.com\/wordpress\/plugins\/seo\/ -->\n<title>POL\u00cdTICA DE PROTECCI\u00d3N DE DATOS \u2013 CANDIDATOS - ECIX TECH<\/title>\n<meta name=\"robots\" content=\"index, follow, max-snippet:-1, max-image-preview:large, max-video-preview:-1\" \/>\n<link rel=\"canonical\" href=\"https:\/\/54.247.110.102\/es\/politica-de-proteccion-de-datos-candidatos\/\" \/>\n<meta property=\"og:locale\" content=\"ca_ES\" \/>\n<meta property=\"og:type\" content=\"article\" \/>\n<meta property=\"og:title\" content=\"POL\u00cdTICA DE PROTECCI\u00d3N DE DATOS \u2013 CANDIDATOS - ECIX TECH\" \/>\n<meta property=\"og:description\" content=\"POL\u00cdTICA DE PROTECCI\u00d3N DE DATOS \u2013 CANDIDATOS 1. Responsable del tratamiento El responsable del tratamiento de tus datos personales es la sociedad ECIX GROUP, S.L., con domicilio en Calle Lagasca, 88, 7\u00aa Planta, 28001, Madrid y NIF B-82550401 (en adelante, \u201cECIX\u201d). ECIX se encuentra plenamente comprometido con el cumplimiento de la normativa vigente en materia [&hellip;]\" \/>\n<meta property=\"og:url\" content=\"https:\/\/54.247.110.102\/es\/politica-de-proteccion-de-datos-candidatos\/\" \/>\n<meta property=\"og:site_name\" content=\"ECIX TECH\" \/>\n<meta property=\"article:modified_time\" content=\"2025-08-22T07:18:28+00:00\" \/>\n<meta name=\"twitter:card\" content=\"summary_large_image\" \/>\n<meta name=\"twitter:label1\" content=\"Temps estimat de lectura\" \/>\n\t<meta name=\"twitter:data1\" content=\"5 minuts\" \/>\n<script type=\"application\/ld+json\" class=\"yoast-schema-graph\">{\"@context\":\"https:\/\/schema.org\",\"@graph\":[{\"@type\":\"WebPage\",\"@id\":\"https:\/\/54.247.110.102\/es\/politica-de-proteccion-de-datos-candidatos\/\",\"url\":\"https:\/\/54.247.110.102\/es\/politica-de-proteccion-de-datos-candidatos\/\",\"name\":\"POL\u00cdTICA DE PROTECCI\u00d3N DE DATOS \u2013 CANDIDATOS - ECIX TECH\",\"isPartOf\":{\"@id\":\"https:\/\/pl.nextlgsdp.com\/es\/#website\"},\"datePublished\":\"2025-08-22T07:08:22+00:00\",\"dateModified\":\"2025-08-22T07:18:28+00:00\",\"breadcrumb\":{\"@id\":\"https:\/\/54.247.110.102\/es\/politica-de-proteccion-de-datos-candidatos\/#breadcrumb\"},\"inLanguage\":\"ca\",\"potentialAction\":[{\"@type\":\"ReadAction\",\"target\":[\"https:\/\/54.247.110.102\/es\/politica-de-proteccion-de-datos-candidatos\/\"]}]},{\"@type\":\"BreadcrumbList\",\"@id\":\"https:\/\/54.247.110.102\/es\/politica-de-proteccion-de-datos-candidatos\/#breadcrumb\",\"itemListElement\":[{\"@type\":\"ListItem\",\"position\":1,\"name\":\"Home\",\"item\":\"https:\/\/54.247.110.102\/es\/\"},{\"@type\":\"ListItem\",\"position\":2,\"name\":\"POL\u00cdTICA DE PROTECCI\u00d3N DE DATOS \u2013 CANDIDATOS\"}]},{\"@type\":\"WebSite\",\"@id\":\"https:\/\/pl.nextlgsdp.com\/es\/#website\",\"url\":\"https:\/\/pl.nextlgsdp.com\/es\/\",\"name\":\"ECIX TECH\",\"description\":\"Servicios y soluciones para el cumplimiento normativo\",\"publisher\":{\"@id\":\"https:\/\/pl.nextlgsdp.com\/es\/#organization\"},\"potentialAction\":[{\"@type\":\"SearchAction\",\"target\":{\"@type\":\"EntryPoint\",\"urlTemplate\":\"https:\/\/pl.nextlgsdp.com\/es\/?s={search_term_string}\"},\"query-input\":{\"@type\":\"PropertyValueSpecification\",\"valueRequired\":true,\"valueName\":\"search_term_string\"}}],\"inLanguage\":\"ca\"},{\"@type\":\"Organization\",\"@id\":\"https:\/\/pl.nextlgsdp.com\/es\/#organization\",\"name\":\"ECIX TECH\",\"url\":\"https:\/\/pl.nextlgsdp.com\/es\/\",\"logo\":{\"@type\":\"ImageObject\",\"inLanguage\":\"ca\",\"@id\":\"https:\/\/pl.nextlgsdp.com\/es\/#\/schema\/logo\/image\/\",\"url\":\"https:\/\/ecix.tech\/wp-content\/uploads\/2025\/07\/Ecixtech-scaled.png\",\"contentUrl\":\"https:\/\/ecix.tech\/wp-content\/uploads\/2025\/07\/Ecixtech-scaled.png\",\"width\":2560,\"height\":677,\"caption\":\"ECIX TECH\"},\"image\":{\"@id\":\"https:\/\/pl.nextlgsdp.com\/es\/#\/schema\/logo\/image\/\"}}]}<\/script>\n<!-- \/ Yoast SEO plugin. -->","yoast_head_json":{"title":"POL\u00cdTICA DE PROTECCI\u00d3 DE DADES \u2013 CANDIDATES - ECIX TECH","robots":{"index":"index","follow":"follow","max-snippet":"max-snippet:-1","max-image-preview":"max-image-preview:large","max-video-preview":"max-video-preview:-1"},"canonical":"https:\/\/54.247.110.102\/es\/politica-de-proteccion-de-datos-candidatos\/","og_locale":"ca_ES","og_type":"article","og_title":"POL\u00cdTICA DE PROTECCI\u00d3N DE DATOS \u2013 CANDIDATOS - ECIX TECH","og_description":"POL\u00cdTICA DE PROTECCI\u00d3N DE DATOS \u2013 CANDIDATOS 1. Responsable del tratamiento El responsable del tratamiento de tus datos personales es la sociedad ECIX GROUP, S.L., con domicilio en Calle Lagasca, 88, 7\u00aa Planta, 28001, Madrid y NIF B-82550401 (en adelante, \u201cECIX\u201d). ECIX se encuentra plenamente comprometido con el cumplimiento de la normativa vigente en materia [&hellip;]","og_url":"https:\/\/54.247.110.102\/es\/politica-de-proteccion-de-datos-candidatos\/","og_site_name":"ECIX TECH","article_modified_time":"2025-08-22T07:18:28+00:00","twitter_card":"summary_large_image","twitter_misc":{"Temps estimat de lectura":"5 minuts"},"schema":{"@context":"https:\/\/schema.org","@graph":[{"@type":"WebPage","@id":"https:\/\/54.247.110.102\/es\/politica-de-proteccion-de-datos-candidatos\/","url":"https:\/\/54.247.110.102\/es\/politica-de-proteccion-de-datos-candidatos\/","name":"POL\u00cdTICA DE PROTECCI\u00d3 DE DADES \u2013 CANDIDATES - ECIX TECH","isPartOf":{"@id":"https:\/\/pl.nextlgsdp.com\/es\/#website"},"datePublished":"2025-08-22T07:08:22+00:00","dateModified":"2025-08-22T07:18:28+00:00","breadcrumb":{"@id":"https:\/\/54.247.110.102\/es\/politica-de-proteccion-de-datos-candidatos\/#breadcrumb"},"inLanguage":"ca","potentialAction":[{"@type":"ReadAction","target":["https:\/\/54.247.110.102\/es\/politica-de-proteccion-de-datos-candidatos\/"]}]},{"@type":"BreadcrumbList","@id":"https:\/\/54.247.110.102\/es\/politica-de-proteccion-de-datos-candidatos\/#breadcrumb","itemListElement":[{"@type":"ListItem","position":1,"name":"Home","item":"https:\/\/54.247.110.102\/es\/"},{"@type":"ListItem","position":2,"name":"POL\u00cdTICA DE PROTECCI\u00d3N DE DATOS \u2013 CANDIDATOS"}]},{"@type":"WebSite","@id":"https:\/\/pl.nextlgsdp.com\/es\/#website","url":"https:\/\/pl.nextlgsdp.com\/es\/","name":"ECIX TECH","description":"Serveis i solucions per al compliment normatiu","publisher":{"@id":"https:\/\/pl.nextlgsdp.com\/es\/#organization"},"potentialAction":[{"@type":"SearchAction","target":{"@type":"EntryPoint","urlTemplate":"https:\/\/pl.nextlgsdp.com\/es\/?s={search_term_string}"},"query-input":{"@type":"PropertyValueSpecification","valueRequired":true,"valueName":"search_term_string"}}],"inLanguage":"ca"},{"@type":"Organization","@id":"https:\/\/pl.nextlgsdp.com\/es\/#organization","name":"ECIX TECH","url":"https:\/\/pl.nextlgsdp.com\/es\/","logo":{"@type":"ImageObject","inLanguage":"ca","@id":"https:\/\/pl.nextlgsdp.com\/es\/#\/schema\/logo\/image\/","url":"https:\/\/ecix.tech\/wp-content\/uploads\/2025\/07\/Ecixtech-scaled.png","contentUrl":"https:\/\/ecix.tech\/wp-content\/uploads\/2025\/07\/Ecixtech-scaled.png","width":2560,"height":677,"caption":"ECIX TECH"},"image":{"@id":"https:\/\/pl.nextlgsdp.com\/es\/#\/schema\/logo\/image\/"}}]}},"_links":{"self":[{"href":"https:\/\/ecix.tech\/ca\/wp-json\/wp\/v2\/pages\/16160","targetHints":{"allow":["GET"]}}],"collection":[{"href":"https:\/\/ecix.tech\/ca\/wp-json\/wp\/v2\/pages"}],"about":[{"href":"https:\/\/ecix.tech\/ca\/wp-json\/wp\/v2\/types\/page"}],"author":[{"embeddable":true,"href":"https:\/\/ecix.tech\/ca\/wp-json\/wp\/v2\/users\/2"}],"replies":[{"embeddable":true,"href":"https:\/\/ecix.tech\/ca\/wp-json\/wp\/v2\/comments?post=16160"}],"version-history":[{"count":10,"href":"https:\/\/ecix.tech\/ca\/wp-json\/wp\/v2\/pages\/16160\/revisions"}],"predecessor-version":[{"id":16175,"href":"https:\/\/ecix.tech\/ca\/wp-json\/wp\/v2\/pages\/16160\/revisions\/16175"}],"wp:attachment":[{"href":"https:\/\/ecix.tech\/ca\/wp-json\/wp\/v2\/media?parent=16160"}],"curies":[{"name":"wp","href":"https:\/\/api.w.org\/{rel}","templated":true}]}}